{"id":1487,"date":"2019-11-18T11:38:30","date_gmt":"2019-11-18T09:38:30","guid":{"rendered":"https:\/\/www.primussport.ch\/?page_id=1487"},"modified":"2024-04-12T21:34:28","modified_gmt":"2024-04-12T19:34:28","slug":"software","status":"publish","type":"page","link":"https:\/\/www.primussport.ch\/de\/sportshop\/software\/","title":{"rendered":"Software"},"content":{"rendered":"\t\t<div data-elementor-type=\"wp-page\" data-elementor-id=\"1487\" class=\"elementor elementor-1487\" data-elementor-post-type=\"page\">\n\t\t\t\t\t\t<section class=\"elementor-section elementor-top-section elementor-element elementor-element-0f61512 elementor-section-full_width elementor-section-stretched elementor-section-height-default elementor-section-height-default\" data-id=\"0f61512\" data-element_type=\"section\" data-settings=\"{&quot;stretch_section&quot;:&quot;section-stretched&quot;}\">\n\t\t\t\t\t\t<div class=\"elementor-container elementor-column-gap-no\">\n\t\t\t\t\t<div class=\"elementor-column elementor-col-100 elementor-top-column elementor-element elementor-element-b518cdc\" data-id=\"b518cdc\" data-element_type=\"column\">\n\t\t\t<div class=\"elementor-widget-wrap elementor-element-populated\">\n\t\t\t\t\t\t<div class=\"elementor-element elementor-element-ecbf968 elementor-widget elementor-widget-image\" data-id=\"ecbf968\" data-element_type=\"widget\" data-widget_type=\"image.default\">\n\t\t\t\t<div class=\"elementor-widget-container\">\n\t\t\t\t\t\t\t\t\t\t\t\t\t\t\t<img fetchpriority=\"high\" decoding=\"async\" width=\"2000\" height=\"836\" src=\"https:\/\/www.primussport.ch\/wp-content\/uploads\/sites\/4\/2019\/12\/Shop_Software-2000x836.jpg\" class=\"attachment-cinema size-cinema wp-image-1817\" alt=\"\" \/>\t\t\t\t\t\t\t\t\t\t\t\t\t\t\t<\/div>\n\t\t\t\t<\/div>\n\t\t\t\t\t<\/div>\n\t\t<\/div>\n\t\t\t\t\t<\/div>\n\t\t<\/section>\n\t\t\t\t<section class=\"elementor-section elementor-top-section elementor-element elementor-element-e0abf3d elementor-section-stretched elementor-section-boxed elementor-section-height-default elementor-section-height-default\" data-id=\"e0abf3d\" data-element_type=\"section\" data-settings=\"{&quot;stretch_section&quot;:&quot;section-stretched&quot;}\">\n\t\t\t\t\t\t<div class=\"elementor-container elementor-column-gap-default\">\n\t\t\t\t\t<div class=\"elementor-column elementor-col-100 elementor-top-column elementor-element elementor-element-37dbb3d\" data-id=\"37dbb3d\" data-element_type=\"column\">\n\t\t\t<div class=\"elementor-widget-wrap elementor-element-populated\">\n\t\t\t\t\t\t<div class=\"elementor-element elementor-element-de45f29 elementor-widget elementor-widget-text-editor\" data-id=\"de45f29\" data-element_type=\"widget\" data-widget_type=\"text-editor.default\">\n\t\t\t\t<div class=\"elementor-widget-container\">\n\t\t\t\t\t\t\t\t\t<p>Unser Shop bietet dir eine grosse Auswahl an Software Artikeln.<\/p>\n<p>Wir beraten dich gerne, wenn es um den Kauf von Protektoren, Sonnenbrillen und Goggles geht oder zeigen dir komfortable Handschuhe f\u00fcr warme Finger.<\/p>\n<p>Du findest uns direkt am Fadail mit gen\u00fcgend Parkpl\u00e4tzen vor dem Shop. Schau doch einfach vorbei!<\/p>\t\t\t\t\t\t\t\t<\/div>\n\t\t\t\t<\/div>\n\t\t\t\t\t<\/div>\n\t\t<\/div>\n\t\t\t\t\t<\/div>\n\t\t<\/section>\n\t\t\t\t<\/div>\n\t\t","protected":false},"excerpt":{"rendered":"<p>Unser Shop bietet dir eine grosse Auswahl an Software Artikeln. Wir beraten dich gerne, wenn es um den Kauf von Protektoren, Sonnenbrillen und Goggles geht oder zeigen dir komfortable Handschuhe f\u00fcr warme Finger. Du findest uns direkt am Fadail mit gen\u00fcgend Parkpl\u00e4tzen vor dem Shop. Schau doch einfach vorbei!<\/p>\n","protected":false},"author":2,"featured_media":1817,"parent":1758,"menu_order":0,"comment_status":"closed","ping_status":"closed","template":"fullwidth-without-container.php","meta":{"_acf_changed":false,"footnotes":""},"class_list":["post-1487","page","type-page","status-publish","has-post-thumbnail","hentry"],"acf":[],"yoast_head":"<!-- This site is optimized with the Yoast SEO plugin v24.1 - https:\/\/yoast.com\/wordpress\/plugins\/seo\/ -->\n<title>Software ~ Primus Sport Lenzerheide<\/title>\n<meta name=\"description\" content=\"Materialmiete f\u00fcr den Wintersport direkt im Einstieg ins Skigebiet. Ski, Snowboard, Jacke, Hosen, Helm usw.\" \/>\n<meta name=\"robots\" content=\"index, follow, max-snippet:-1, max-image-preview:large, max-video-preview:-1\" \/>\n<link rel=\"canonical\" href=\"https:\/\/www.primussport.ch\/de\/sportshop\/software\/\" \/>\n<meta property=\"og:locale\" content=\"de_DE\" \/>\n<meta property=\"og:type\" content=\"article\" \/>\n<meta property=\"og:title\" content=\"Software ~ Primus Sport Lenzerheide\" \/>\n<meta property=\"og:description\" content=\"Materialmiete f\u00fcr den Wintersport direkt im Einstieg ins Skigebiet. Ski, Snowboard, Jacke, Hosen, Helm usw.\" \/>\n<meta property=\"og:url\" content=\"https:\/\/www.primussport.ch\/de\/sportshop\/software\/\" \/>\n<meta property=\"og:site_name\" content=\"Primus Sport Lenzerheide\" \/>\n<meta property=\"article:modified_time\" content=\"2024-04-12T19:34:28+00:00\" \/>\n<meta property=\"og:image\" content=\"https:\/\/www.primussport.ch\/wp-content\/uploads\/sites\/4\/2019\/12\/Shop_Software.jpg\" \/>\n\t<meta property=\"og:image:width\" content=\"2000\" \/>\n\t<meta property=\"og:image:height\" content=\"1335\" \/>\n\t<meta property=\"og:image:type\" content=\"image\/jpeg\" \/>\n<meta name=\"twitter:card\" content=\"summary_large_image\" \/>\n<meta name=\"twitter:label1\" content=\"Gesch\u00e4tzte Lesezeit\" \/>\n\t<meta name=\"twitter:data1\" content=\"1\u00a0Minute\" \/>\n<script type=\"application\/ld+json\" class=\"yoast-schema-graph\">{\"@context\":\"https:\/\/schema.org\",\"@graph\":[{\"@type\":\"WebPage\",\"@id\":\"https:\/\/www.primussport.ch\/de\/sportshop\/software\/\",\"url\":\"https:\/\/www.primussport.ch\/de\/sportshop\/software\/\",\"name\":\"Software ~ Primus Sport Lenzerheide\",\"isPartOf\":{\"@id\":\"http:\/\/www.primussport.ch\/de\/#website\"},\"primaryImageOfPage\":{\"@id\":\"https:\/\/www.primussport.ch\/de\/sportshop\/software\/#primaryimage\"},\"image\":{\"@id\":\"https:\/\/www.primussport.ch\/de\/sportshop\/software\/#primaryimage\"},\"thumbnailUrl\":\"https:\/\/www.primussport.ch\/wp-content\/uploads\/sites\/4\/2019\/12\/Shop_Software.jpg\",\"datePublished\":\"2019-11-18T09:38:30+00:00\",\"dateModified\":\"2024-04-12T19:34:28+00:00\",\"description\":\"Materialmiete f\u00fcr den Wintersport direkt im Einstieg ins Skigebiet. Ski, Snowboard, Jacke, Hosen, Helm usw.\",\"breadcrumb\":{\"@id\":\"https:\/\/www.primussport.ch\/de\/sportshop\/software\/#breadcrumb\"},\"inLanguage\":\"de\",\"potentialAction\":[{\"@type\":\"ReadAction\",\"target\":[\"https:\/\/www.primussport.ch\/de\/sportshop\/software\/\"]}]},{\"@type\":\"ImageObject\",\"inLanguage\":\"de\",\"@id\":\"https:\/\/www.primussport.ch\/de\/sportshop\/software\/#primaryimage\",\"url\":\"https:\/\/www.primussport.ch\/wp-content\/uploads\/sites\/4\/2019\/12\/Shop_Software.jpg\",\"contentUrl\":\"https:\/\/www.primussport.ch\/wp-content\/uploads\/sites\/4\/2019\/12\/Shop_Software.jpg\",\"width\":2000,\"height\":1335},{\"@type\":\"BreadcrumbList\",\"@id\":\"https:\/\/www.primussport.ch\/de\/sportshop\/software\/#breadcrumb\",\"itemListElement\":[{\"@type\":\"ListItem\",\"position\":1,\"name\":\"Home\",\"item\":\"https:\/\/www.primussport.ch\/de\/\"},{\"@type\":\"ListItem\",\"position\":2,\"name\":\"Sportshop\",\"item\":\"https:\/\/www.primussport.ch\/de\/sportshop\/\"},{\"@type\":\"ListItem\",\"position\":3,\"name\":\"Software\"}]},{\"@type\":\"WebSite\",\"@id\":\"http:\/\/www.primussport.ch\/de\/#website\",\"url\":\"http:\/\/www.primussport.ch\/de\/\",\"name\":\"Primus Sport Lenzerheide\",\"description\":\"Sport Shop &amp; Vermietung Ski und Snowboard\",\"publisher\":{\"@id\":\"http:\/\/www.primussport.ch\/de\/#organization\"},\"potentialAction\":[{\"@type\":\"SearchAction\",\"target\":{\"@type\":\"EntryPoint\",\"urlTemplate\":\"http:\/\/www.primussport.ch\/de\/?s={search_term_string}\"},\"query-input\":{\"@type\":\"PropertyValueSpecification\",\"valueRequired\":true,\"valueName\":\"search_term_string\"}}],\"inLanguage\":\"de\"},{\"@type\":\"Organization\",\"@id\":\"http:\/\/www.primussport.ch\/de\/#organization\",\"name\":\"Primus Sport\",\"url\":\"http:\/\/www.primussport.ch\/de\/\",\"logo\":{\"@type\":\"ImageObject\",\"inLanguage\":\"de\",\"@id\":\"http:\/\/www.primussport.ch\/de\/#\/schema\/logo\/image\/\",\"url\":\"https:\/\/www.primussport.ch\/wp-content\/uploads\/sites\/4\/2020\/01\/Logo_PrimusSport_farbig.png\",\"contentUrl\":\"https:\/\/www.primussport.ch\/wp-content\/uploads\/sites\/4\/2020\/01\/Logo_PrimusSport_farbig.png\",\"width\":260,\"height\":83,\"caption\":\"Primus Sport\"},\"image\":{\"@id\":\"http:\/\/www.primussport.ch\/de\/#\/schema\/logo\/image\/\"}}]}<\/script>\n<!-- \/ Yoast SEO plugin. -->","yoast_head_json":{"title":"Software ~ Primus Sport Lenzerheide","description":"Materialmiete f\u00fcr den Wintersport direkt im Einstieg ins Skigebiet. Ski, Snowboard, Jacke, Hosen, Helm usw.","robots":{"index":"index","follow":"follow","max-snippet":"max-snippet:-1","max-image-preview":"max-image-preview:large","max-video-preview":"max-video-preview:-1"},"canonical":"https:\/\/www.primussport.ch\/de\/sportshop\/software\/","og_locale":"de_DE","og_type":"article","og_title":"Software ~ Primus Sport Lenzerheide","og_description":"Materialmiete f\u00fcr den Wintersport direkt im Einstieg ins Skigebiet. Ski, Snowboard, Jacke, Hosen, Helm usw.","og_url":"https:\/\/www.primussport.ch\/de\/sportshop\/software\/","og_site_name":"Primus Sport Lenzerheide","article_modified_time":"2024-04-12T19:34:28+00:00","og_image":[{"width":2000,"height":1335,"url":"https:\/\/www.primussport.ch\/wp-content\/uploads\/sites\/4\/2019\/12\/Shop_Software.jpg","type":"image\/jpeg"}],"twitter_card":"summary_large_image","twitter_misc":{"Gesch\u00e4tzte Lesezeit":"1\u00a0Minute"},"schema":{"@context":"https:\/\/schema.org","@graph":[{"@type":"WebPage","@id":"https:\/\/www.primussport.ch\/de\/sportshop\/software\/","url":"https:\/\/www.primussport.ch\/de\/sportshop\/software\/","name":"Software ~ Primus Sport Lenzerheide","isPartOf":{"@id":"http:\/\/www.primussport.ch\/de\/#website"},"primaryImageOfPage":{"@id":"https:\/\/www.primussport.ch\/de\/sportshop\/software\/#primaryimage"},"image":{"@id":"https:\/\/www.primussport.ch\/de\/sportshop\/software\/#primaryimage"},"thumbnailUrl":"https:\/\/www.primussport.ch\/wp-content\/uploads\/sites\/4\/2019\/12\/Shop_Software.jpg","datePublished":"2019-11-18T09:38:30+00:00","dateModified":"2024-04-12T19:34:28+00:00","description":"Materialmiete f\u00fcr den Wintersport direkt im Einstieg ins Skigebiet. Ski, Snowboard, Jacke, Hosen, Helm usw.","breadcrumb":{"@id":"https:\/\/www.primussport.ch\/de\/sportshop\/software\/#breadcrumb"},"inLanguage":"de","potentialAction":[{"@type":"ReadAction","target":["https:\/\/www.primussport.ch\/de\/sportshop\/software\/"]}]},{"@type":"ImageObject","inLanguage":"de","@id":"https:\/\/www.primussport.ch\/de\/sportshop\/software\/#primaryimage","url":"https:\/\/www.primussport.ch\/wp-content\/uploads\/sites\/4\/2019\/12\/Shop_Software.jpg","contentUrl":"https:\/\/www.primussport.ch\/wp-content\/uploads\/sites\/4\/2019\/12\/Shop_Software.jpg","width":2000,"height":1335},{"@type":"BreadcrumbList","@id":"https:\/\/www.primussport.ch\/de\/sportshop\/software\/#breadcrumb","itemListElement":[{"@type":"ListItem","position":1,"name":"Home","item":"https:\/\/www.primussport.ch\/de\/"},{"@type":"ListItem","position":2,"name":"Sportshop","item":"https:\/\/www.primussport.ch\/de\/sportshop\/"},{"@type":"ListItem","position":3,"name":"Software"}]},{"@type":"WebSite","@id":"http:\/\/www.primussport.ch\/de\/#website","url":"http:\/\/www.primussport.ch\/de\/","name":"Primus Sport Lenzerheide","description":"Sport Shop &amp; Vermietung Ski und Snowboard","publisher":{"@id":"http:\/\/www.primussport.ch\/de\/#organization"},"potentialAction":[{"@type":"SearchAction","target":{"@type":"EntryPoint","urlTemplate":"http:\/\/www.primussport.ch\/de\/?s={search_term_string}"},"query-input":{"@type":"PropertyValueSpecification","valueRequired":true,"valueName":"search_term_string"}}],"inLanguage":"de"},{"@type":"Organization","@id":"http:\/\/www.primussport.ch\/de\/#organization","name":"Primus Sport","url":"http:\/\/www.primussport.ch\/de\/","logo":{"@type":"ImageObject","inLanguage":"de","@id":"http:\/\/www.primussport.ch\/de\/#\/schema\/logo\/image\/","url":"https:\/\/www.primussport.ch\/wp-content\/uploads\/sites\/4\/2020\/01\/Logo_PrimusSport_farbig.png","contentUrl":"https:\/\/www.primussport.ch\/wp-content\/uploads\/sites\/4\/2020\/01\/Logo_PrimusSport_farbig.png","width":260,"height":83,"caption":"Primus Sport"},"image":{"@id":"http:\/\/www.primussport.ch\/de\/#\/schema\/logo\/image\/"}}]}},"_links":{"self":[{"href":"https:\/\/www.primussport.ch\/de\/wp-json\/wp\/v2\/pages\/1487"}],"collection":[{"href":"https:\/\/www.primussport.ch\/de\/wp-json\/wp\/v2\/pages"}],"about":[{"href":"https:\/\/www.primussport.ch\/de\/wp-json\/wp\/v2\/types\/page"}],"author":[{"embeddable":true,"href":"https:\/\/www.primussport.ch\/de\/wp-json\/wp\/v2\/users\/2"}],"replies":[{"embeddable":true,"href":"https:\/\/www.primussport.ch\/de\/wp-json\/wp\/v2\/comments?post=1487"}],"version-history":[{"count":12,"href":"https:\/\/www.primussport.ch\/de\/wp-json\/wp\/v2\/pages\/1487\/revisions"}],"predecessor-version":[{"id":3208,"href":"https:\/\/www.primussport.ch\/de\/wp-json\/wp\/v2\/pages\/1487\/revisions\/3208"}],"up":[{"embeddable":true,"href":"https:\/\/www.primussport.ch\/de\/wp-json\/wp\/v2\/pages\/1758"}],"wp:featuredmedia":[{"embeddable":true,"href":"https:\/\/www.primussport.ch\/de\/wp-json\/wp\/v2\/media\/1817"}],"wp:attachment":[{"href":"https:\/\/www.primussport.ch\/de\/wp-json\/wp\/v2\/media?parent=1487"}],"curies":[{"name":"wp","href":"https:\/\/api.w.org\/{rel}","templated":true}]}}