{"id":1489,"date":"2019-11-18T11:38:40","date_gmt":"2019-11-18T09:38:40","guid":{"rendered":"https:\/\/www.primussport.ch\/?page_id=1489"},"modified":"2024-04-12T21:34:54","modified_gmt":"2024-04-12T19:34:54","slug":"hardware","status":"publish","type":"page","link":"https:\/\/www.primussport.ch\/de\/sportshop\/hardware\/","title":{"rendered":"Hardware"},"content":{"rendered":"\t\t<div data-elementor-type=\"wp-page\" data-elementor-id=\"1489\" class=\"elementor elementor-1489\" data-elementor-post-type=\"page\">\n\t\t\t\t\t\t<section class=\"elementor-section elementor-top-section elementor-element elementor-element-958fd5c elementor-section-stretched elementor-section-full_width elementor-section-height-default elementor-section-height-default\" data-id=\"958fd5c\" data-element_type=\"section\" data-settings=\"{&quot;stretch_section&quot;:&quot;section-stretched&quot;}\">\n\t\t\t\t\t\t<div class=\"elementor-container elementor-column-gap-no\">\n\t\t\t\t\t<div class=\"elementor-column elementor-col-100 elementor-top-column elementor-element elementor-element-a81babd\" data-id=\"a81babd\" data-element_type=\"column\">\n\t\t\t<div class=\"elementor-widget-wrap elementor-element-populated\">\n\t\t\t\t\t\t<div class=\"elementor-element elementor-element-749a159 elementor-widget elementor-widget-image\" data-id=\"749a159\" data-element_type=\"widget\" data-widget_type=\"image.default\">\n\t\t\t\t<div class=\"elementor-widget-container\">\n\t\t\t\t\t\t\t\t\t\t\t\t\t\t\t<img fetchpriority=\"high\" decoding=\"async\" width=\"2000\" height=\"836\" src=\"https:\/\/www.primussport.ch\/wp-content\/uploads\/sites\/4\/2019\/12\/Shop_Hardware-2000x836.jpg\" class=\"attachment-cinema size-cinema wp-image-1812\" alt=\"\" \/>\t\t\t\t\t\t\t\t\t\t\t\t\t\t\t<\/div>\n\t\t\t\t<\/div>\n\t\t\t\t\t<\/div>\n\t\t<\/div>\n\t\t\t\t\t<\/div>\n\t\t<\/section>\n\t\t\t\t<section class=\"elementor-section elementor-top-section elementor-element elementor-element-75e43b6 elementor-section-stretched elementor-section-boxed elementor-section-height-default elementor-section-height-default\" data-id=\"75e43b6\" data-element_type=\"section\" data-settings=\"{&quot;stretch_section&quot;:&quot;section-stretched&quot;}\">\n\t\t\t\t\t\t<div class=\"elementor-container elementor-column-gap-default\">\n\t\t\t\t\t<div class=\"elementor-column elementor-col-100 elementor-top-column elementor-element elementor-element-161e39f\" data-id=\"161e39f\" data-element_type=\"column\">\n\t\t\t<div class=\"elementor-widget-wrap elementor-element-populated\">\n\t\t\t\t\t\t<div class=\"elementor-element elementor-element-6b21728 elementor-widget elementor-widget-heading\" data-id=\"6b21728\" data-element_type=\"widget\" data-widget_type=\"heading.default\">\n\t\t\t\t<div class=\"elementor-widget-container\">\n\t\t\t\t\t<h3 class=\"elementor-heading-title elementor-size-default\">Dein uns kannst du dein Material anfassen und ausprobieren. Neben neuem Material verkaufen wir auch Test und Mietmaterial zu attraktiven Preisen. Bei jedem Kauf schenken wir dir ein 2-Jahres Service Abo!<\/h3>\t\t\t\t<\/div>\n\t\t\t\t<\/div>\n\t\t\t\t<div class=\"elementor-element elementor-element-d36b755 elementor-widget elementor-widget-text-editor\" data-id=\"d36b755\" data-element_type=\"widget\" data-widget_type=\"text-editor.default\">\n\t\t\t\t<div class=\"elementor-widget-container\">\n\t\t\t\t\t\t\t\t\t<p>Da wir selber jeden Tag auf der Piste arbeiten und genau wissen, wie wichtig gutes Material ist, bieten wir dir auch im Hardwarenbereich nur das Beste!<\/p><h4>Ski<\/h4><p>Wir bieten f\u00fcr jedes Fahrk\u00f6nnen den passenden Ski; vom einfachen Allround Ski bis hin zum in der Schweiz produzierten Highend-Produkt. Auch f\u00fcr Kinder haben wir eine Auswahl an Sportger\u00e4ten f\u00fcr den Pistengebrauch am Lager.<\/p><h4>Snowboards<\/h4><p>Dank unserer langj\u00e4hrigen Zusammenarbeit mit Burton, Nitro und Amplid bieten wir dir die besten von uns getesteten Produkte auf dem Markt. Zudem bieten wir die die M\u00f6glichkeit die Boards bei uns zu testen.<\/p><h4>Softboots<\/h4><p>Mit dem passenden Schuh, macht ein Tag auf dem Schnee viel mehr Spass! Bei uns im Laden findest du Unisex, Damen und Kinder Modelle.<\/p><h4>Snowboardbindungen<\/h4><p>Die Bindung ist entscheidend, damit es auf der Piste nachher auch so richtig funktioniert. Darum findest du bei uns im Shop ebenso eine grosse Auswahl an Burton und Union Produkten.<\/p>\t\t\t\t\t\t\t\t<\/div>\n\t\t\t\t<\/div>\n\t\t\t\t\t<\/div>\n\t\t<\/div>\n\t\t\t\t\t<\/div>\n\t\t<\/section>\n\t\t\t\t<\/div>\n\t\t","protected":false},"excerpt":{"rendered":"<p>Dein uns kannst du dein Material anfassen und ausprobieren. Neben neuem Material verkaufen wir auch Test und Mietmaterial zu attraktiven Preisen. Bei jedem Kauf schenken wir dir ein 2-Jahres Service Abo! Da wir selber jeden Tag auf der Piste arbeiten und genau wissen, wie wichtig gutes Material ist, bieten wir dir auch im Hardwarenbereich nur [&hellip;]<\/p>\n","protected":false},"author":2,"featured_media":1812,"parent":1758,"menu_order":0,"comment_status":"closed","ping_status":"closed","template":"fullwidth-without-container.php","meta":{"_acf_changed":false,"footnotes":""},"class_list":["post-1489","page","type-page","status-publish","has-post-thumbnail","hentry"],"acf":[],"yoast_head":"<!-- This site is optimized with the Yoast SEO plugin v24.1 - https:\/\/yoast.com\/wordpress\/plugins\/seo\/ -->\n<title>Hardware ~ Primus Sport Lenzerheide<\/title>\n<meta name=\"description\" content=\"Materialmiete f\u00fcr den Wintersport direkt im Einstieg ins Skigebiet. Ski, Snowboard, Jacke, Hosen, Helm usw.\" \/>\n<meta name=\"robots\" content=\"index, follow, max-snippet:-1, max-image-preview:large, max-video-preview:-1\" \/>\n<link rel=\"canonical\" href=\"http:\/\/www.primussport.ch\/de\/sportshop\/hardware\/\" \/>\n<meta property=\"og:locale\" content=\"de_DE\" \/>\n<meta property=\"og:type\" content=\"article\" \/>\n<meta property=\"og:title\" content=\"Hardware ~ Primus Sport Lenzerheide\" \/>\n<meta property=\"og:description\" content=\"Materialmiete f\u00fcr den Wintersport direkt im Einstieg ins Skigebiet. Ski, Snowboard, Jacke, Hosen, Helm usw.\" \/>\n<meta property=\"og:url\" content=\"http:\/\/www.primussport.ch\/de\/sportshop\/hardware\/\" \/>\n<meta property=\"og:site_name\" content=\"Primus Sport Lenzerheide\" \/>\n<meta property=\"article:modified_time\" content=\"2024-04-12T19:34:54+00:00\" \/>\n<meta property=\"og:image\" content=\"https:\/\/www.primussport.ch\/wp-content\/uploads\/sites\/4\/2019\/12\/Shop_Hardware.jpg\" \/>\n\t<meta property=\"og:image:width\" content=\"2000\" \/>\n\t<meta property=\"og:image:height\" content=\"1335\" \/>\n\t<meta property=\"og:image:type\" content=\"image\/jpeg\" \/>\n<meta name=\"twitter:card\" content=\"summary_large_image\" \/>\n<meta name=\"twitter:label1\" content=\"Gesch\u00e4tzte Lesezeit\" \/>\n\t<meta name=\"twitter:data1\" content=\"2\u00a0Minuten\" \/>\n<script type=\"application\/ld+json\" class=\"yoast-schema-graph\">{\"@context\":\"https:\/\/schema.org\",\"@graph\":[{\"@type\":\"WebPage\",\"@id\":\"http:\/\/www.primussport.ch\/de\/sportshop\/hardware\/\",\"url\":\"http:\/\/www.primussport.ch\/de\/sportshop\/hardware\/\",\"name\":\"Hardware ~ Primus Sport Lenzerheide\",\"isPartOf\":{\"@id\":\"https:\/\/www.primussport.ch\/de\/#website\"},\"primaryImageOfPage\":{\"@id\":\"http:\/\/www.primussport.ch\/de\/sportshop\/hardware\/#primaryimage\"},\"image\":{\"@id\":\"http:\/\/www.primussport.ch\/de\/sportshop\/hardware\/#primaryimage\"},\"thumbnailUrl\":\"https:\/\/www.primussport.ch\/wp-content\/uploads\/sites\/4\/2019\/12\/Shop_Hardware.jpg\",\"datePublished\":\"2019-11-18T09:38:40+00:00\",\"dateModified\":\"2024-04-12T19:34:54+00:00\",\"description\":\"Materialmiete f\u00fcr den Wintersport direkt im Einstieg ins Skigebiet. Ski, Snowboard, Jacke, Hosen, Helm usw.\",\"breadcrumb\":{\"@id\":\"http:\/\/www.primussport.ch\/de\/sportshop\/hardware\/#breadcrumb\"},\"inLanguage\":\"de\",\"potentialAction\":[{\"@type\":\"ReadAction\",\"target\":[\"http:\/\/www.primussport.ch\/de\/sportshop\/hardware\/\"]}]},{\"@type\":\"ImageObject\",\"inLanguage\":\"de\",\"@id\":\"http:\/\/www.primussport.ch\/de\/sportshop\/hardware\/#primaryimage\",\"url\":\"https:\/\/www.primussport.ch\/wp-content\/uploads\/sites\/4\/2019\/12\/Shop_Hardware.jpg\",\"contentUrl\":\"https:\/\/www.primussport.ch\/wp-content\/uploads\/sites\/4\/2019\/12\/Shop_Hardware.jpg\",\"width\":2000,\"height\":1335},{\"@type\":\"BreadcrumbList\",\"@id\":\"http:\/\/www.primussport.ch\/de\/sportshop\/hardware\/#breadcrumb\",\"itemListElement\":[{\"@type\":\"ListItem\",\"position\":1,\"name\":\"Home\",\"item\":\"https:\/\/www.primussport.ch\/de\/\"},{\"@type\":\"ListItem\",\"position\":2,\"name\":\"Sportshop\",\"item\":\"http:\/\/www.primussport.ch\/de\/sportshop\/\"},{\"@type\":\"ListItem\",\"position\":3,\"name\":\"Hardware\"}]},{\"@type\":\"WebSite\",\"@id\":\"https:\/\/www.primussport.ch\/de\/#website\",\"url\":\"https:\/\/www.primussport.ch\/de\/\",\"name\":\"Primus Sport Lenzerheide\",\"description\":\"Sport Shop &amp; Vermietung Ski und Snowboard\",\"publisher\":{\"@id\":\"https:\/\/www.primussport.ch\/de\/#organization\"},\"potentialAction\":[{\"@type\":\"SearchAction\",\"target\":{\"@type\":\"EntryPoint\",\"urlTemplate\":\"https:\/\/www.primussport.ch\/de\/?s={search_term_string}\"},\"query-input\":{\"@type\":\"PropertyValueSpecification\",\"valueRequired\":true,\"valueName\":\"search_term_string\"}}],\"inLanguage\":\"de\"},{\"@type\":\"Organization\",\"@id\":\"https:\/\/www.primussport.ch\/de\/#organization\",\"name\":\"Primus Sport\",\"url\":\"https:\/\/www.primussport.ch\/de\/\",\"logo\":{\"@type\":\"ImageObject\",\"inLanguage\":\"de\",\"@id\":\"https:\/\/www.primussport.ch\/de\/#\/schema\/logo\/image\/\",\"url\":\"https:\/\/www.primussport.ch\/wp-content\/uploads\/sites\/4\/2020\/01\/Logo_PrimusSport_farbig.png\",\"contentUrl\":\"https:\/\/www.primussport.ch\/wp-content\/uploads\/sites\/4\/2020\/01\/Logo_PrimusSport_farbig.png\",\"width\":260,\"height\":83,\"caption\":\"Primus Sport\"},\"image\":{\"@id\":\"https:\/\/www.primussport.ch\/de\/#\/schema\/logo\/image\/\"}}]}<\/script>\n<!-- \/ Yoast SEO plugin. -->","yoast_head_json":{"title":"Hardware ~ Primus Sport Lenzerheide","description":"Materialmiete f\u00fcr den Wintersport direkt im Einstieg ins Skigebiet. Ski, Snowboard, Jacke, Hosen, Helm usw.","robots":{"index":"index","follow":"follow","max-snippet":"max-snippet:-1","max-image-preview":"max-image-preview:large","max-video-preview":"max-video-preview:-1"},"canonical":"http:\/\/www.primussport.ch\/de\/sportshop\/hardware\/","og_locale":"de_DE","og_type":"article","og_title":"Hardware ~ Primus Sport Lenzerheide","og_description":"Materialmiete f\u00fcr den Wintersport direkt im Einstieg ins Skigebiet. Ski, Snowboard, Jacke, Hosen, Helm usw.","og_url":"http:\/\/www.primussport.ch\/de\/sportshop\/hardware\/","og_site_name":"Primus Sport Lenzerheide","article_modified_time":"2024-04-12T19:34:54+00:00","og_image":[{"width":2000,"height":1335,"url":"https:\/\/www.primussport.ch\/wp-content\/uploads\/sites\/4\/2019\/12\/Shop_Hardware.jpg","type":"image\/jpeg"}],"twitter_card":"summary_large_image","twitter_misc":{"Gesch\u00e4tzte Lesezeit":"2\u00a0Minuten"},"schema":{"@context":"https:\/\/schema.org","@graph":[{"@type":"WebPage","@id":"http:\/\/www.primussport.ch\/de\/sportshop\/hardware\/","url":"http:\/\/www.primussport.ch\/de\/sportshop\/hardware\/","name":"Hardware ~ Primus Sport Lenzerheide","isPartOf":{"@id":"https:\/\/www.primussport.ch\/de\/#website"},"primaryImageOfPage":{"@id":"http:\/\/www.primussport.ch\/de\/sportshop\/hardware\/#primaryimage"},"image":{"@id":"http:\/\/www.primussport.ch\/de\/sportshop\/hardware\/#primaryimage"},"thumbnailUrl":"https:\/\/www.primussport.ch\/wp-content\/uploads\/sites\/4\/2019\/12\/Shop_Hardware.jpg","datePublished":"2019-11-18T09:38:40+00:00","dateModified":"2024-04-12T19:34:54+00:00","description":"Materialmiete f\u00fcr den Wintersport direkt im Einstieg ins Skigebiet. Ski, Snowboard, Jacke, Hosen, Helm usw.","breadcrumb":{"@id":"http:\/\/www.primussport.ch\/de\/sportshop\/hardware\/#breadcrumb"},"inLanguage":"de","potentialAction":[{"@type":"ReadAction","target":["http:\/\/www.primussport.ch\/de\/sportshop\/hardware\/"]}]},{"@type":"ImageObject","inLanguage":"de","@id":"http:\/\/www.primussport.ch\/de\/sportshop\/hardware\/#primaryimage","url":"https:\/\/www.primussport.ch\/wp-content\/uploads\/sites\/4\/2019\/12\/Shop_Hardware.jpg","contentUrl":"https:\/\/www.primussport.ch\/wp-content\/uploads\/sites\/4\/2019\/12\/Shop_Hardware.jpg","width":2000,"height":1335},{"@type":"BreadcrumbList","@id":"http:\/\/www.primussport.ch\/de\/sportshop\/hardware\/#breadcrumb","itemListElement":[{"@type":"ListItem","position":1,"name":"Home","item":"https:\/\/www.primussport.ch\/de\/"},{"@type":"ListItem","position":2,"name":"Sportshop","item":"http:\/\/www.primussport.ch\/de\/sportshop\/"},{"@type":"ListItem","position":3,"name":"Hardware"}]},{"@type":"WebSite","@id":"https:\/\/www.primussport.ch\/de\/#website","url":"https:\/\/www.primussport.ch\/de\/","name":"Primus Sport Lenzerheide","description":"Sport Shop &amp; Vermietung Ski und Snowboard","publisher":{"@id":"https:\/\/www.primussport.ch\/de\/#organization"},"potentialAction":[{"@type":"SearchAction","target":{"@type":"EntryPoint","urlTemplate":"https:\/\/www.primussport.ch\/de\/?s={search_term_string}"},"query-input":{"@type":"PropertyValueSpecification","valueRequired":true,"valueName":"search_term_string"}}],"inLanguage":"de"},{"@type":"Organization","@id":"https:\/\/www.primussport.ch\/de\/#organization","name":"Primus Sport","url":"https:\/\/www.primussport.ch\/de\/","logo":{"@type":"ImageObject","inLanguage":"de","@id":"https:\/\/www.primussport.ch\/de\/#\/schema\/logo\/image\/","url":"https:\/\/www.primussport.ch\/wp-content\/uploads\/sites\/4\/2020\/01\/Logo_PrimusSport_farbig.png","contentUrl":"https:\/\/www.primussport.ch\/wp-content\/uploads\/sites\/4\/2020\/01\/Logo_PrimusSport_farbig.png","width":260,"height":83,"caption":"Primus Sport"},"image":{"@id":"https:\/\/www.primussport.ch\/de\/#\/schema\/logo\/image\/"}}]}},"_links":{"self":[{"href":"https:\/\/www.primussport.ch\/de\/wp-json\/wp\/v2\/pages\/1489"}],"collection":[{"href":"https:\/\/www.primussport.ch\/de\/wp-json\/wp\/v2\/pages"}],"about":[{"href":"https:\/\/www.primussport.ch\/de\/wp-json\/wp\/v2\/types\/page"}],"author":[{"embeddable":true,"href":"https:\/\/www.primussport.ch\/de\/wp-json\/wp\/v2\/users\/2"}],"replies":[{"embeddable":true,"href":"https:\/\/www.primussport.ch\/de\/wp-json\/wp\/v2\/comments?post=1489"}],"version-history":[{"count":12,"href":"https:\/\/www.primussport.ch\/de\/wp-json\/wp\/v2\/pages\/1489\/revisions"}],"predecessor-version":[{"id":3211,"href":"https:\/\/www.primussport.ch\/de\/wp-json\/wp\/v2\/pages\/1489\/revisions\/3211"}],"up":[{"embeddable":true,"href":"https:\/\/www.primussport.ch\/de\/wp-json\/wp\/v2\/pages\/1758"}],"wp:featuredmedia":[{"embeddable":true,"href":"https:\/\/www.primussport.ch\/de\/wp-json\/wp\/v2\/media\/1812"}],"wp:attachment":[{"href":"https:\/\/www.primussport.ch\/de\/wp-json\/wp\/v2\/media?parent=1489"}],"curies":[{"name":"wp","href":"https:\/\/api.w.org\/{rel}","templated":true}]}}