{"id":1651,"date":"2019-12-09T08:49:59","date_gmt":"2019-12-09T06:49:59","guid":{"rendered":"https:\/\/www.primussport.ch\/?page_id=1651"},"modified":"2024-04-12T21:37:54","modified_gmt":"2024-04-12T19:37:54","slug":"standorte","status":"publish","type":"page","link":"https:\/\/www.primussport.ch\/de\/standorte\/","title":{"rendered":"Standorte"},"content":{"rendered":"\t\t<div data-elementor-type=\"wp-page\" data-elementor-id=\"1651\" class=\"elementor elementor-1651\" data-elementor-post-type=\"page\">\n\t\t\t\t\t\t<section class=\"elementor-section elementor-top-section elementor-element elementor-element-32dba69 elementor-section-stretched elementor-section-boxed elementor-section-height-default elementor-section-height-default\" data-id=\"32dba69\" data-element_type=\"section\" data-settings=\"{&quot;stretch_section&quot;:&quot;section-stretched&quot;}\">\n\t\t\t\t\t\t<div class=\"elementor-container elementor-column-gap-default\">\n\t\t\t\t\t<div class=\"elementor-column elementor-col-100 elementor-top-column elementor-element elementor-element-6495283\" data-id=\"6495283\" data-element_type=\"column\">\n\t\t\t<div class=\"elementor-widget-wrap elementor-element-populated\">\n\t\t\t\t\t\t<div class=\"elementor-element elementor-element-8d900a9 elementor-widget elementor-widget-heading\" data-id=\"8d900a9\" data-element_type=\"widget\" data-widget_type=\"heading.default\">\n\t\t\t\t<div class=\"elementor-widget-container\">\n\t\t\t\t\t<h2 class=\"elementor-heading-title elementor-size-default\">Unsere Standorte<\/h2>\t\t\t\t<\/div>\n\t\t\t\t<\/div>\n\t\t\t\t\t<\/div>\n\t\t<\/div>\n\t\t\t\t\t<\/div>\n\t\t<\/section>\n\t\t\t\t<section class=\"elementor-section elementor-top-section elementor-element elementor-element-a41c460 elementor-section-stretched elementor-section-boxed elementor-section-height-default elementor-section-height-default\" data-id=\"a41c460\" data-element_type=\"section\" data-settings=\"{&quot;stretch_section&quot;:&quot;section-stretched&quot;}\">\n\t\t\t\t\t\t<div class=\"elementor-container elementor-column-gap-default\">\n\t\t\t\t\t<div class=\"elementor-column elementor-col-100 elementor-top-column elementor-element elementor-element-1064b6d\" data-id=\"1064b6d\" data-element_type=\"column\">\n\t\t\t<div class=\"elementor-widget-wrap elementor-element-populated\">\n\t\t\t\t\t\t<div class=\"elementor-element elementor-element-11ce4bc elementor-widget elementor-widget-text-editor\" data-id=\"11ce4bc\" data-element_type=\"widget\" data-widget_type=\"text-editor.default\">\n\t\t\t\t<div class=\"elementor-widget-container\">\n\t\t\t\t\t\t\t\t\t<h2>Schule und Shop Danis<\/h2><p>Booking, Service, Bergbahnkasse, Vermietung, Sammelplatz\/Treffpunkt f\u00fcr Snowboardunterricht<\/p>\t\t\t\t\t\t\t\t<\/div>\n\t\t\t\t<\/div>\n\t\t\t\t<div class=\"elementor-element elementor-element-fc9a09f elementor-widget elementor-widget-text-editor\" data-id=\"fc9a09f\" data-element_type=\"widget\" data-widget_type=\"text-editor.default\">\n\t\t\t\t<div class=\"elementor-widget-container\">\n\t\t\t\t\t\t\t\t\t<h5><strong>Mietmaterial<\/strong> unbedingt hier anprobieren und abholen!<\/h5>\t\t\t\t\t\t\t\t<\/div>\n\t\t\t\t<\/div>\n\t\t\t\t<div class=\"elementor-element elementor-element-25958f6 elementor-widget elementor-widget-text-editor\" data-id=\"25958f6\" data-element_type=\"widget\" data-widget_type=\"text-editor.default\">\n\t\t\t\t<div class=\"elementor-widget-container\">\n\t\t\t\t\t\t\t\t\t<h5>Das Office ist unmittelbar beim Treffpunkt an der Talstation Fadail\/Danis.<\/h5>\t\t\t\t\t\t\t\t<\/div>\n\t\t\t\t<\/div>\n\t\t\t\t<div class=\"elementor-element elementor-element-fc26205 elementor-widget elementor-widget-google_maps\" data-id=\"fc26205\" data-element_type=\"widget\" data-widget_type=\"google_maps.default\">\n\t\t\t\t<div class=\"elementor-widget-container\">\n\t\t\t\t\t\t\t<div class=\"elementor-custom-embed\">\n\t\t\t<iframe loading=\"lazy\"\n\t\t\t\t\tsrc=\"https:\/\/maps.google.com\/maps?q=Voa%20Pedra%20Grossa%205%2C%20CH-7078%20Lenzerheide&#038;t=m&#038;z=16&#038;output=embed&#038;iwloc=near\"\n\t\t\t\t\ttitle=\"Voa Pedra Grossa 5, CH-7078 Lenzerheide\"\n\t\t\t\t\taria-label=\"Voa Pedra Grossa 5, CH-7078 Lenzerheide\"\n\t\t\t><\/iframe>\n\t\t<\/div>\n\t\t\t\t\t\t<\/div>\n\t\t\t\t<\/div>\n\t\t\t\t\t<\/div>\n\t\t<\/div>\n\t\t\t\t\t<\/div>\n\t\t<\/section>\n\t\t\t\t<section class=\"elementor-section elementor-top-section elementor-element elementor-element-3a03497 elementor-section-stretched elementor-section-boxed elementor-section-height-default elementor-section-height-default\" data-id=\"3a03497\" data-element_type=\"section\" data-settings=\"{&quot;stretch_section&quot;:&quot;section-stretched&quot;}\">\n\t\t\t\t\t\t<div class=\"elementor-container elementor-column-gap-default\">\n\t\t\t\t\t<div class=\"elementor-column elementor-col-100 elementor-top-column elementor-element elementor-element-fff70c8\" data-id=\"fff70c8\" data-element_type=\"column\">\n\t\t\t<div class=\"elementor-widget-wrap elementor-element-populated\">\n\t\t\t\t\t\t<div class=\"elementor-element elementor-element-596b26b elementor-widget elementor-widget-text-editor\" data-id=\"596b26b\" data-element_type=\"widget\" data-widget_type=\"text-editor.default\">\n\t\t\t\t<div class=\"elementor-widget-container\">\n\t\t\t\t\t\t\t\t\t<h3>Startpunkte f\u00fcr Unterricht<\/h3>\t\t\t\t\t\t\t\t<\/div>\n\t\t\t\t<\/div>\n\t\t\t\t<div class=\"elementor-element elementor-element-e1a43f0 elementor-widget elementor-widget-text-editor\" data-id=\"e1a43f0\" data-element_type=\"widget\" data-widget_type=\"text-editor.default\">\n\t\t\t\t<div class=\"elementor-widget-container\">\n\t\t\t\t\t\t\t\t\t<p>Sammelplatz Skischule Nova<\/p>\t\t\t\t\t\t\t\t<\/div>\n\t\t\t\t<\/div>\n\t\t\t\t<div class=\"elementor-element elementor-element-3de9499 elementor-widget elementor-widget-google_maps\" data-id=\"3de9499\" data-element_type=\"widget\" data-widget_type=\"google_maps.default\">\n\t\t\t\t<div class=\"elementor-widget-container\">\n\t\t\t\t\t\t\t<div class=\"elementor-custom-embed\">\n\t\t\t<iframe loading=\"lazy\"\n\t\t\t\t\tsrc=\"https:\/\/maps.google.com\/maps?q=46.732826%2C%209.547247&#038;t=m&#038;z=16&#038;output=embed&#038;iwloc=near\"\n\t\t\t\t\ttitle=\"46.732826, 9.547247\"\n\t\t\t\t\taria-label=\"46.732826, 9.547247\"\n\t\t\t><\/iframe>\n\t\t<\/div>\n\t\t\t\t\t\t<\/div>\n\t\t\t\t<\/div>\n\t\t\t\t<div class=\"elementor-element elementor-element-b5a80d3 elementor-widget elementor-widget-text-editor\" data-id=\"b5a80d3\" data-element_type=\"widget\" data-widget_type=\"text-editor.default\">\n\t\t\t\t<div class=\"elementor-widget-container\">\n\t\t\t\t\t\t\t\t\t<p>Kinderland Skischule Nova<\/p>\t\t\t\t\t\t\t\t<\/div>\n\t\t\t\t<\/div>\n\t\t\t\t<div class=\"elementor-element elementor-element-a725d94 elementor-widget elementor-widget-google_maps\" data-id=\"a725d94\" data-element_type=\"widget\" data-widget_type=\"google_maps.default\">\n\t\t\t\t<div class=\"elementor-widget-container\">\n\t\t\t\t\t\t\t<div class=\"elementor-custom-embed\">\n\t\t\t<iframe loading=\"lazy\"\n\t\t\t\t\tsrc=\"https:\/\/maps.google.com\/maps?q=46.732344%2C%209.547858&#038;t=m&#038;z=16&#038;output=embed&#038;iwloc=near\"\n\t\t\t\t\ttitle=\"46.732344, 9.547858\"\n\t\t\t\t\taria-label=\"46.732344, 9.547858\"\n\t\t\t><\/iframe>\n\t\t<\/div>\n\t\t\t\t\t\t<\/div>\n\t\t\t\t<\/div>\n\t\t\t\t<div class=\"elementor-element elementor-element-f3b42eb elementor-widget elementor-widget-text-editor\" data-id=\"f3b42eb\" data-element_type=\"widget\" data-widget_type=\"text-editor.default\">\n\t\t\t\t<div class=\"elementor-widget-container\">\n\t\t\t\t\t\t\t\t\t<p>Auarara Kinder \u00dcbungsgel\u00e4nde<\/p>\t\t\t\t\t\t\t\t<\/div>\n\t\t\t\t<\/div>\n\t\t\t\t<div class=\"elementor-element elementor-element-35970ac elementor-widget elementor-widget-google_maps\" data-id=\"35970ac\" data-element_type=\"widget\" data-widget_type=\"google_maps.default\">\n\t\t\t\t<div class=\"elementor-widget-container\">\n\t\t\t\t\t\t\t<div class=\"elementor-custom-embed\">\n\t\t\t<iframe loading=\"lazy\"\n\t\t\t\t\tsrc=\"https:\/\/maps.google.com\/maps?q=46.733573%2C%209.543651&#038;t=m&#038;z=16&#038;output=embed&#038;iwloc=near\"\n\t\t\t\t\ttitle=\"46.733573, 9.543651\"\n\t\t\t\t\taria-label=\"46.733573, 9.543651\"\n\t\t\t><\/iframe>\n\t\t<\/div>\n\t\t\t\t\t\t<\/div>\n\t\t\t\t<\/div>\n\t\t\t\t\t<\/div>\n\t\t<\/div>\n\t\t\t\t\t<\/div>\n\t\t<\/section>\n\t\t\t\t<\/div>\n\t\t","protected":false},"excerpt":{"rendered":"<p>Unsere Standorte Schule und Shop Danis Booking, Service, Bergbahnkasse, Vermietung, Sammelplatz\/Treffpunkt f\u00fcr Snowboardunterricht Mietmaterial unbedingt hier anprobieren und abholen! Das Office ist unmittelbar beim Treffpunkt an der Talstation Fadail\/Danis. Startpunkte f\u00fcr Unterricht Sammelplatz Skischule Nova Kinderland Skischule Nova Auarara Kinder \u00dcbungsgel\u00e4nde<\/p>\n","protected":false},"author":2,"featured_media":0,"parent":0,"menu_order":0,"comment_status":"closed","ping_status":"closed","template":"fullwidth-without-container.php","meta":{"_acf_changed":false,"footnotes":""},"class_list":["post-1651","page","type-page","status-publish","hentry"],"acf":[],"yoast_head":"<!-- This site is optimized with the Yoast SEO plugin v24.1 - https:\/\/yoast.com\/wordpress\/plugins\/seo\/ -->\n<title>Standorte ~ Primus Sport Lenzerheide<\/title>\n<meta name=\"description\" content=\"Materialmiete f\u00fcr den Wintersport direkt im Einstieg ins Skigebiet. Ski, Snowboard, Jacke, Hosen, Helm usw.\" \/>\n<meta name=\"robots\" content=\"index, follow, max-snippet:-1, max-image-preview:large, max-video-preview:-1\" \/>\n<link rel=\"canonical\" href=\"http:\/\/www.primussport.ch\/de\/standorte\/\" \/>\n<meta property=\"og:locale\" content=\"de_DE\" \/>\n<meta property=\"og:type\" content=\"article\" \/>\n<meta property=\"og:title\" content=\"Standorte ~ Primus Sport Lenzerheide\" \/>\n<meta property=\"og:description\" content=\"Materialmiete f\u00fcr den Wintersport direkt im Einstieg ins Skigebiet. Ski, Snowboard, Jacke, Hosen, Helm usw.\" \/>\n<meta property=\"og:url\" content=\"http:\/\/www.primussport.ch\/de\/standorte\/\" \/>\n<meta property=\"og:site_name\" content=\"Primus Sport Lenzerheide\" \/>\n<meta property=\"article:modified_time\" content=\"2024-04-12T19:37:54+00:00\" \/>\n<meta name=\"twitter:card\" content=\"summary_large_image\" \/>\n<meta name=\"twitter:label1\" content=\"Gesch\u00e4tzte Lesezeit\" \/>\n\t<meta name=\"twitter:data1\" content=\"1\u00a0Minute\" \/>\n<script type=\"application\/ld+json\" class=\"yoast-schema-graph\">{\"@context\":\"https:\/\/schema.org\",\"@graph\":[{\"@type\":\"WebPage\",\"@id\":\"http:\/\/www.primussport.ch\/de\/standorte\/\",\"url\":\"http:\/\/www.primussport.ch\/de\/standorte\/\",\"name\":\"Standorte ~ Primus Sport Lenzerheide\",\"isPartOf\":{\"@id\":\"https:\/\/www.primussport.ch\/en\/#website\"},\"datePublished\":\"2019-12-09T06:49:59+00:00\",\"dateModified\":\"2024-04-12T19:37:54+00:00\",\"description\":\"Materialmiete f\u00fcr den Wintersport direkt im Einstieg ins Skigebiet. Ski, Snowboard, Jacke, Hosen, Helm usw.\",\"breadcrumb\":{\"@id\":\"http:\/\/www.primussport.ch\/de\/standorte\/#breadcrumb\"},\"inLanguage\":\"de\",\"potentialAction\":[{\"@type\":\"ReadAction\",\"target\":[\"http:\/\/www.primussport.ch\/de\/standorte\/\"]}]},{\"@type\":\"BreadcrumbList\",\"@id\":\"http:\/\/www.primussport.ch\/de\/standorte\/#breadcrumb\",\"itemListElement\":[{\"@type\":\"ListItem\",\"position\":1,\"name\":\"Home\",\"item\":\"https:\/\/www.primussport.ch\/de\/\"},{\"@type\":\"ListItem\",\"position\":2,\"name\":\"Standorte\"}]},{\"@type\":\"WebSite\",\"@id\":\"https:\/\/www.primussport.ch\/en\/#website\",\"url\":\"https:\/\/www.primussport.ch\/en\/\",\"name\":\"Primus Sport Lenzerheide\",\"description\":\"Sport Shop &amp; Vermietung Ski und Snowboard\",\"publisher\":{\"@id\":\"https:\/\/www.primussport.ch\/en\/#organization\"},\"potentialAction\":[{\"@type\":\"SearchAction\",\"target\":{\"@type\":\"EntryPoint\",\"urlTemplate\":\"https:\/\/www.primussport.ch\/en\/?s={search_term_string}\"},\"query-input\":{\"@type\":\"PropertyValueSpecification\",\"valueRequired\":true,\"valueName\":\"search_term_string\"}}],\"inLanguage\":\"de\"},{\"@type\":\"Organization\",\"@id\":\"https:\/\/www.primussport.ch\/en\/#organization\",\"name\":\"Primus Sport\",\"url\":\"https:\/\/www.primussport.ch\/en\/\",\"logo\":{\"@type\":\"ImageObject\",\"inLanguage\":\"de\",\"@id\":\"https:\/\/www.primussport.ch\/en\/#\/schema\/logo\/image\/\",\"url\":\"https:\/\/www.primussport.ch\/wp-content\/uploads\/sites\/4\/2020\/01\/Logo_PrimusSport_farbig.png\",\"contentUrl\":\"https:\/\/www.primussport.ch\/wp-content\/uploads\/sites\/4\/2020\/01\/Logo_PrimusSport_farbig.png\",\"width\":260,\"height\":83,\"caption\":\"Primus Sport\"},\"image\":{\"@id\":\"https:\/\/www.primussport.ch\/en\/#\/schema\/logo\/image\/\"}}]}<\/script>\n<!-- \/ Yoast SEO plugin. -->","yoast_head_json":{"title":"Standorte ~ Primus Sport Lenzerheide","description":"Materialmiete f\u00fcr den Wintersport direkt im Einstieg ins Skigebiet. Ski, Snowboard, Jacke, Hosen, Helm usw.","robots":{"index":"index","follow":"follow","max-snippet":"max-snippet:-1","max-image-preview":"max-image-preview:large","max-video-preview":"max-video-preview:-1"},"canonical":"http:\/\/www.primussport.ch\/de\/standorte\/","og_locale":"de_DE","og_type":"article","og_title":"Standorte ~ Primus Sport Lenzerheide","og_description":"Materialmiete f\u00fcr den Wintersport direkt im Einstieg ins Skigebiet. Ski, Snowboard, Jacke, Hosen, Helm usw.","og_url":"http:\/\/www.primussport.ch\/de\/standorte\/","og_site_name":"Primus Sport Lenzerheide","article_modified_time":"2024-04-12T19:37:54+00:00","twitter_card":"summary_large_image","twitter_misc":{"Gesch\u00e4tzte Lesezeit":"1\u00a0Minute"},"schema":{"@context":"https:\/\/schema.org","@graph":[{"@type":"WebPage","@id":"http:\/\/www.primussport.ch\/de\/standorte\/","url":"http:\/\/www.primussport.ch\/de\/standorte\/","name":"Standorte ~ Primus Sport Lenzerheide","isPartOf":{"@id":"https:\/\/www.primussport.ch\/en\/#website"},"datePublished":"2019-12-09T06:49:59+00:00","dateModified":"2024-04-12T19:37:54+00:00","description":"Materialmiete f\u00fcr den Wintersport direkt im Einstieg ins Skigebiet. Ski, Snowboard, Jacke, Hosen, Helm usw.","breadcrumb":{"@id":"http:\/\/www.primussport.ch\/de\/standorte\/#breadcrumb"},"inLanguage":"de","potentialAction":[{"@type":"ReadAction","target":["http:\/\/www.primussport.ch\/de\/standorte\/"]}]},{"@type":"BreadcrumbList","@id":"http:\/\/www.primussport.ch\/de\/standorte\/#breadcrumb","itemListElement":[{"@type":"ListItem","position":1,"name":"Home","item":"https:\/\/www.primussport.ch\/de\/"},{"@type":"ListItem","position":2,"name":"Standorte"}]},{"@type":"WebSite","@id":"https:\/\/www.primussport.ch\/en\/#website","url":"https:\/\/www.primussport.ch\/en\/","name":"Primus Sport Lenzerheide","description":"Sport Shop &amp; Vermietung Ski und Snowboard","publisher":{"@id":"https:\/\/www.primussport.ch\/en\/#organization"},"potentialAction":[{"@type":"SearchAction","target":{"@type":"EntryPoint","urlTemplate":"https:\/\/www.primussport.ch\/en\/?s={search_term_string}"},"query-input":{"@type":"PropertyValueSpecification","valueRequired":true,"valueName":"search_term_string"}}],"inLanguage":"de"},{"@type":"Organization","@id":"https:\/\/www.primussport.ch\/en\/#organization","name":"Primus Sport","url":"https:\/\/www.primussport.ch\/en\/","logo":{"@type":"ImageObject","inLanguage":"de","@id":"https:\/\/www.primussport.ch\/en\/#\/schema\/logo\/image\/","url":"https:\/\/www.primussport.ch\/wp-content\/uploads\/sites\/4\/2020\/01\/Logo_PrimusSport_farbig.png","contentUrl":"https:\/\/www.primussport.ch\/wp-content\/uploads\/sites\/4\/2020\/01\/Logo_PrimusSport_farbig.png","width":260,"height":83,"caption":"Primus Sport"},"image":{"@id":"https:\/\/www.primussport.ch\/en\/#\/schema\/logo\/image\/"}}]}},"_links":{"self":[{"href":"https:\/\/www.primussport.ch\/de\/wp-json\/wp\/v2\/pages\/1651"}],"collection":[{"href":"https:\/\/www.primussport.ch\/de\/wp-json\/wp\/v2\/pages"}],"about":[{"href":"https:\/\/www.primussport.ch\/de\/wp-json\/wp\/v2\/types\/page"}],"author":[{"embeddable":true,"href":"https:\/\/www.primussport.ch\/de\/wp-json\/wp\/v2\/users\/2"}],"replies":[{"embeddable":true,"href":"https:\/\/www.primussport.ch\/de\/wp-json\/wp\/v2\/comments?post=1651"}],"version-history":[{"count":7,"href":"https:\/\/www.primussport.ch\/de\/wp-json\/wp\/v2\/pages\/1651\/revisions"}],"predecessor-version":[{"id":3229,"href":"https:\/\/www.primussport.ch\/de\/wp-json\/wp\/v2\/pages\/1651\/revisions\/3229"}],"wp:attachment":[{"href":"https:\/\/www.primussport.ch\/de\/wp-json\/wp\/v2\/media?parent=1651"}],"curies":[{"name":"wp","href":"https:\/\/api.w.org\/{rel}","templated":true}]}}