{"id":1758,"date":"2019-12-12T17:02:09","date_gmt":"2019-12-12T15:02:09","guid":{"rendered":"https:\/\/www.primussport.ch\/?page_id=1758"},"modified":"2020-12-18T22:03:44","modified_gmt":"2020-12-18T20:03:44","slug":"sportshop","status":"publish","type":"page","link":"https:\/\/www.primussport.ch\/de\/sportshop\/","title":{"rendered":"Sportshop"},"content":{"rendered":"\t\t<div data-elementor-type=\"wp-page\" data-elementor-id=\"1758\" class=\"elementor elementor-1758\" data-elementor-post-type=\"page\">\n\t\t\t\t\t\t<section class=\"elementor-section elementor-top-section elementor-element elementor-element-132be28 elementor-section-full_width elementor-section-height-min-height elementor-section-stretched elementor-section-height-default elementor-section-items-middle\" data-id=\"132be28\" data-element_type=\"section\" data-settings=\"{&quot;stretch_section&quot;:&quot;section-stretched&quot;}\">\n\t\t\t\t\t\t<div class=\"elementor-container elementor-column-gap-default\">\n\t\t\t\t\t<div class=\"elementor-column elementor-col-100 elementor-top-column elementor-element elementor-element-55c5e32\" data-id=\"55c5e32\" data-element_type=\"column\">\n\t\t\t<div class=\"elementor-widget-wrap elementor-element-populated\">\n\t\t\t\t\t\t<div class=\"elementor-element elementor-element-f4f36dd elementor-arrows-position-inside elementor-pagination-position-outside elementor-widget elementor-widget-image-carousel\" data-id=\"f4f36dd\" data-element_type=\"widget\" data-settings=\"{&quot;slides_to_show&quot;:&quot;1&quot;,&quot;autoplay_speed&quot;:8000,&quot;effect&quot;:&quot;fade&quot;,&quot;speed&quot;:700,&quot;navigation&quot;:&quot;both&quot;,&quot;autoplay&quot;:&quot;yes&quot;,&quot;pause_on_hover&quot;:&quot;yes&quot;,&quot;pause_on_interaction&quot;:&quot;yes&quot;,&quot;infinite&quot;:&quot;yes&quot;}\" data-widget_type=\"image-carousel.default\">\n\t\t\t\t<div class=\"elementor-widget-container\">\n\t\t\t\t\t\t\t<div class=\"elementor-image-carousel-wrapper swiper\" role=\"region\" aria-roledescription=\"carousel\" aria-label=\"Bild Karussell\" dir=\"ltr\">\n\t\t\t<div class=\"elementor-image-carousel swiper-wrapper swiper-image-stretch\" aria-live=\"off\">\n\t\t\t\t\t\t\t\t<div class=\"swiper-slide\" role=\"group\" aria-roledescription=\"slide\" aria-label=\"1 von 6\"><figure class=\"swiper-slide-inner\"><img decoding=\"async\" class=\"swiper-slide-image\" src=\"https:\/\/www.primussport.ch\/wp-content\/uploads\/sites\/4\/2019\/12\/Shop_Danis_CGY2944-2000x1125.jpg\" alt=\"Shop_Danis_CGY2944\" \/><\/figure><\/div><div class=\"swiper-slide\" role=\"group\" aria-roledescription=\"slide\" aria-label=\"2 von 6\"><figure class=\"swiper-slide-inner\"><img decoding=\"async\" class=\"swiper-slide-image\" src=\"https:\/\/www.primussport.ch\/wp-content\/uploads\/sites\/4\/2019\/12\/Shop_Danis_CGY2960-2000x1125.jpg\" alt=\"Shop_Danis_CGY2960\" \/><\/figure><\/div><div class=\"swiper-slide\" role=\"group\" aria-roledescription=\"slide\" aria-label=\"3 von 6\"><figure class=\"swiper-slide-inner\"><img decoding=\"async\" class=\"swiper-slide-image\" src=\"https:\/\/www.primussport.ch\/wp-content\/uploads\/sites\/4\/2019\/12\/Shop_Danis_CGY2984-2000x1125.jpg\" alt=\"Shop_Danis_CGY2984\" \/><\/figure><\/div><div class=\"swiper-slide\" role=\"group\" aria-roledescription=\"slide\" aria-label=\"4 von 6\"><figure class=\"swiper-slide-inner\"><img decoding=\"async\" class=\"swiper-slide-image\" src=\"https:\/\/www.primussport.ch\/wp-content\/uploads\/sites\/4\/2019\/12\/Shop_Danis_CGY2987-2000x1125.jpg\" alt=\"Shop_Danis_CGY2987\" \/><\/figure><\/div><div class=\"swiper-slide\" role=\"group\" aria-roledescription=\"slide\" aria-label=\"5 von 6\"><figure class=\"swiper-slide-inner\"><img decoding=\"async\" class=\"swiper-slide-image\" src=\"https:\/\/www.primussport.ch\/wp-content\/uploads\/sites\/4\/2019\/12\/Shop_Danis_CGY2977-2000x1125.jpg\" alt=\"Shop_Danis_CGY2977\" \/><\/figure><\/div><div class=\"swiper-slide\" role=\"group\" aria-roledescription=\"slide\" aria-label=\"6 von 6\"><figure class=\"swiper-slide-inner\"><img decoding=\"async\" class=\"swiper-slide-image\" src=\"https:\/\/www.primussport.ch\/wp-content\/uploads\/sites\/4\/2019\/12\/Shop_Danis_CGY2998-2000x1125.jpg\" alt=\"Shop_Danis_CGY2998\" \/><\/figure><\/div>\t\t\t<\/div>\n\t\t\t\t\t\t\t\t\t\t\t\t<div class=\"elementor-swiper-button elementor-swiper-button-prev\" role=\"button\" tabindex=\"0\">\n\t\t\t\t\t\t<i aria-hidden=\"true\" class=\"eicon-chevron-left\"><\/i>\t\t\t\t\t<\/div>\n\t\t\t\t\t<div class=\"elementor-swiper-button elementor-swiper-button-next\" role=\"button\" tabindex=\"0\">\n\t\t\t\t\t\t<i aria-hidden=\"true\" class=\"eicon-chevron-right\"><\/i>\t\t\t\t\t<\/div>\n\t\t\t\t\n\t\t\t\t\t\t\t\t\t<div class=\"swiper-pagination\"><\/div>\n\t\t\t\t\t\t\t\t\t<\/div>\n\t\t\t\t\t\t<\/div>\n\t\t\t\t<\/div>\n\t\t\t\t\t<\/div>\n\t\t<\/div>\n\t\t\t\t\t<\/div>\n\t\t<\/section>\n\t\t\t\t<section class=\"elementor-section elementor-top-section elementor-element elementor-element-3a683a8 elementor-section-stretched elementor-section-boxed elementor-section-height-default elementor-section-height-default\" data-id=\"3a683a8\" data-element_type=\"section\" data-settings=\"{&quot;stretch_section&quot;:&quot;section-stretched&quot;}\">\n\t\t\t\t\t\t<div class=\"elementor-container elementor-column-gap-default\">\n\t\t\t\t\t<div class=\"elementor-column elementor-col-33 elementor-top-column elementor-element elementor-element-77095ce\" data-id=\"77095ce\" data-element_type=\"column\">\n\t\t\t<div class=\"elementor-widget-wrap elementor-element-populated\">\n\t\t\t\t\t\t<div class=\"elementor-element elementor-element-e78e9a5 elementor-widget elementor-widget-heading\" data-id=\"e78e9a5\" data-element_type=\"widget\" data-widget_type=\"heading.default\">\n\t\t\t\t<div class=\"elementor-widget-container\">\n\t\t\t\t\t<h2 class=\"elementor-heading-title elementor-size-default\">Von uns direkt auf die Piste.<\/h2>\t\t\t\t<\/div>\n\t\t\t\t<\/div>\n\t\t\t\t<div class=\"elementor-element elementor-element-be6595f elementor-widget elementor-widget-text-editor\" data-id=\"be6595f\" data-element_type=\"widget\" data-widget_type=\"text-editor.default\">\n\t\t\t\t<div class=\"elementor-widget-container\">\n\t\t\t\t\t\t\t\t\t<p>Schon 30 Meter neben unserem Laden befindet sich der Skilift, der dich auf die Piste bringt. So kannst du nach deinem Besuch bei uns sofort mit deiner neuen Ausr\u00fcstung die Berge erobern. Was dich zudem alles bei uns erwartet, erf\u00e4hrst du in diesem Video.<\/p>\t\t\t\t\t\t\t\t<\/div>\n\t\t\t\t<\/div>\n\t\t\t\t<div class=\"elementor-element elementor-element-1e7081b elementor-widget elementor-widget-video\" data-id=\"1e7081b\" data-element_type=\"widget\" data-settings=\"{&quot;video_type&quot;:&quot;vimeo&quot;,&quot;yt_privacy&quot;:&quot;yes&quot;}\" data-widget_type=\"video.default\">\n\t\t\t\t<div class=\"elementor-widget-container\">\n\t\t\t\t\t\t\t<div class=\"elementor-wrapper elementor-open-inline\">\n\t\t\t<iframe class=\"elementor-video-iframe\" allowfullscreen allow=\"clipboard-write\" title=\"vimeo Video Player\" src=\"https:\/\/player.vimeo.com\/video\/32463966?color&amp;autopause=0&amp;dnt=true&amp;loop=0&amp;muted=0&amp;title=1&amp;portrait=1&amp;byline=1#t=\"><\/iframe>\t\t<\/div>\n\t\t\t\t\t\t<\/div>\n\t\t\t\t<\/div>\n\t\t\t\t\t<\/div>\n\t\t<\/div>\n\t\t\t\t<div class=\"elementor-column elementor-col-33 elementor-top-column elementor-element elementor-element-fd98950\" data-id=\"fd98950\" data-element_type=\"column\">\n\t\t\t<div class=\"elementor-widget-wrap elementor-element-populated\">\n\t\t\t\t\t\t<div class=\"elementor-element elementor-element-fd3357c elementor-widget elementor-widget-heading\" data-id=\"fd3357c\" data-element_type=\"widget\" data-widget_type=\"heading.default\">\n\t\t\t\t<div class=\"elementor-widget-container\">\n\t\t\t\t\t<h2 class=\"elementor-heading-title elementor-size-default\">Zuerst testen, dann kaufen.<\/h2>\t\t\t\t<\/div>\n\t\t\t\t<\/div>\n\t\t\t\t<div class=\"elementor-element elementor-element-7c841e9 elementor-widget elementor-widget-text-editor\" data-id=\"7c841e9\" data-element_type=\"widget\" data-widget_type=\"text-editor.default\">\n\t\t\t\t<div class=\"elementor-widget-container\">\n\t\t\t\t\t\t\t\t\t<p>Die Unterschiede beim Fahrverhalten und die Eigenschaften von Wintersport-Ausr\u00fcstung sind enorm. Darum bieten wir dir an, drei Ger\u00e4te unverbindlich zu testen. Dank unserer Lage direkt am Skilift findest du schnell heraus, was am besten zu dir passt.<\/p>\t\t\t\t\t\t\t\t<\/div>\n\t\t\t\t<\/div>\n\t\t\t\t\t<\/div>\n\t\t<\/div>\n\t\t\t\t<div class=\"elementor-column elementor-col-33 elementor-top-column elementor-element elementor-element-ca5a783\" data-id=\"ca5a783\" data-element_type=\"column\">\n\t\t\t<div class=\"elementor-widget-wrap elementor-element-populated\">\n\t\t\t\t\t\t<div class=\"elementor-element elementor-element-69051df elementor-widget elementor-widget-heading\" data-id=\"69051df\" data-element_type=\"widget\" data-widget_type=\"heading.default\">\n\t\t\t\t<div class=\"elementor-widget-container\">\n\t\t\t\t\t<h2 class=\"elementor-heading-title elementor-size-default\">Zwei Jahre Gratis-Service.<\/h2>\t\t\t\t<\/div>\n\t\t\t\t<\/div>\n\t\t\t\t<div class=\"elementor-element elementor-element-bac5e72 elementor-widget elementor-widget-text-editor\" data-id=\"bac5e72\" data-element_type=\"widget\" data-widget_type=\"text-editor.default\">\n\t\t\t\t<div class=\"elementor-widget-container\">\n\t\t\t\t\t\t\t\t\t<p>Beim Kauf von Neu- oder Occasions-Material erh\u00e4ltst du automatisch zwei Jahre Gratis-Service dazu. Denn wir finden, nur mit perfekt gewarteter Ausr\u00fcstung macht Wintersport erst richtig Spass. Du kannst diesen Service \u00fcbrigens so oft nutzen wie du m\u00f6chtest und zum Beispiel jeden Monat zum Wachsen und Kantenschleifen vorbeikommen.<\/p>\t\t\t\t\t\t\t\t<\/div>\n\t\t\t\t<\/div>\n\t\t\t\t\t<\/div>\n\t\t<\/div>\n\t\t\t\t\t<\/div>\n\t\t<\/section>\n\t\t\t\t<\/div>\n\t\t","protected":false},"excerpt":{"rendered":"<p>Zur\u00fcck Weiter Von uns direkt auf die Piste. Schon 30 Meter neben unserem Laden befindet sich der Skilift, der dich auf die Piste bringt. So kannst du nach deinem Besuch bei uns sofort mit deiner neuen Ausr\u00fcstung die Berge erobern. Was dich zudem alles bei uns erwartet, erf\u00e4hrst du in diesem Video. https:\/\/player.vimeo.com\/video\/32463966?title=0&#038;byline=0&#038;portrait=0 Zuerst testen, [&hellip;]<\/p>\n","protected":false},"author":2,"featured_media":0,"parent":0,"menu_order":0,"comment_status":"closed","ping_status":"closed","template":"fullwidth-without-container.php","meta":{"_acf_changed":false,"footnotes":""},"class_list":["post-1758","page","type-page","status-publish","hentry"],"acf":[],"yoast_head":"<!-- This site is optimized with the Yoast SEO plugin v24.1 - https:\/\/yoast.com\/wordpress\/plugins\/seo\/ -->\n<title>Sportshop ~ Primus Sport Lenzerheide<\/title>\n<meta name=\"description\" content=\"Materialmiete f\u00fcr den Wintersport direkt im Einstieg ins Skigebiet. Ski, Snowboard, Jacke, Hosen, Helm usw.\" \/>\n<meta name=\"robots\" content=\"index, follow, max-snippet:-1, max-image-preview:large, max-video-preview:-1\" \/>\n<link rel=\"canonical\" href=\"http:\/\/www.primussport.ch\/de\/sportshop\/\" \/>\n<meta property=\"og:locale\" content=\"de_DE\" \/>\n<meta property=\"og:type\" content=\"article\" \/>\n<meta property=\"og:title\" content=\"Sportshop ~ Primus Sport Lenzerheide\" \/>\n<meta property=\"og:description\" content=\"Materialmiete f\u00fcr den Wintersport direkt im Einstieg ins Skigebiet. Ski, Snowboard, Jacke, Hosen, Helm usw.\" \/>\n<meta property=\"og:url\" content=\"http:\/\/www.primussport.ch\/de\/sportshop\/\" \/>\n<meta property=\"og:site_name\" content=\"Primus Sport Lenzerheide\" \/>\n<meta property=\"article:modified_time\" content=\"2020-12-18T20:03:44+00:00\" \/>\n<meta property=\"og:image\" content=\"https:\/\/www.primussport.ch\/wp-content\/uploads\/sites\/4\/2019\/12\/Shop_Danis_CGY2944-2000x1125.jpg\" \/>\n<meta name=\"twitter:card\" content=\"summary_large_image\" \/>\n<meta name=\"twitter:label1\" content=\"Gesch\u00e4tzte Lesezeit\" \/>\n\t<meta name=\"twitter:data1\" content=\"1\u00a0Minute\" \/>\n<script type=\"application\/ld+json\" class=\"yoast-schema-graph\">{\"@context\":\"https:\/\/schema.org\",\"@graph\":[{\"@type\":\"WebPage\",\"@id\":\"http:\/\/www.primussport.ch\/de\/sportshop\/\",\"url\":\"http:\/\/www.primussport.ch\/de\/sportshop\/\",\"name\":\"Sportshop ~ Primus Sport Lenzerheide\",\"isPartOf\":{\"@id\":\"https:\/\/www.primussport.ch\/de\/#website\"},\"primaryImageOfPage\":{\"@id\":\"http:\/\/www.primussport.ch\/de\/sportshop\/#primaryimage\"},\"image\":{\"@id\":\"http:\/\/www.primussport.ch\/de\/sportshop\/#primaryimage\"},\"thumbnailUrl\":\"https:\/\/www.primussport.ch\/wp-content\/uploads\/sites\/4\/2019\/12\/Shop_Danis_CGY2944-2000x1125.jpg\",\"datePublished\":\"2019-12-12T15:02:09+00:00\",\"dateModified\":\"2020-12-18T20:03:44+00:00\",\"description\":\"Materialmiete f\u00fcr den Wintersport direkt im Einstieg ins Skigebiet. Ski, Snowboard, Jacke, Hosen, Helm usw.\",\"breadcrumb\":{\"@id\":\"http:\/\/www.primussport.ch\/de\/sportshop\/#breadcrumb\"},\"inLanguage\":\"de\",\"potentialAction\":[{\"@type\":\"ReadAction\",\"target\":[\"http:\/\/www.primussport.ch\/de\/sportshop\/\"]}]},{\"@type\":\"ImageObject\",\"inLanguage\":\"de\",\"@id\":\"http:\/\/www.primussport.ch\/de\/sportshop\/#primaryimage\",\"url\":\"https:\/\/www.primussport.ch\/wp-content\/uploads\/sites\/4\/2019\/12\/Shop_Danis_CGY2944-2000x1125.jpg\",\"contentUrl\":\"https:\/\/www.primussport.ch\/wp-content\/uploads\/sites\/4\/2019\/12\/Shop_Danis_CGY2944-2000x1125.jpg\"},{\"@type\":\"BreadcrumbList\",\"@id\":\"http:\/\/www.primussport.ch\/de\/sportshop\/#breadcrumb\",\"itemListElement\":[{\"@type\":\"ListItem\",\"position\":1,\"name\":\"Home\",\"item\":\"https:\/\/www.primussport.ch\/de\/\"},{\"@type\":\"ListItem\",\"position\":2,\"name\":\"Sportshop\"}]},{\"@type\":\"WebSite\",\"@id\":\"https:\/\/www.primussport.ch\/de\/#website\",\"url\":\"https:\/\/www.primussport.ch\/de\/\",\"name\":\"Primus Sport Lenzerheide\",\"description\":\"Sport Shop &amp; Vermietung Ski und Snowboard\",\"publisher\":{\"@id\":\"https:\/\/www.primussport.ch\/de\/#organization\"},\"potentialAction\":[{\"@type\":\"SearchAction\",\"target\":{\"@type\":\"EntryPoint\",\"urlTemplate\":\"https:\/\/www.primussport.ch\/de\/?s={search_term_string}\"},\"query-input\":{\"@type\":\"PropertyValueSpecification\",\"valueRequired\":true,\"valueName\":\"search_term_string\"}}],\"inLanguage\":\"de\"},{\"@type\":\"Organization\",\"@id\":\"https:\/\/www.primussport.ch\/de\/#organization\",\"name\":\"Primus Sport\",\"url\":\"https:\/\/www.primussport.ch\/de\/\",\"logo\":{\"@type\":\"ImageObject\",\"inLanguage\":\"de\",\"@id\":\"https:\/\/www.primussport.ch\/de\/#\/schema\/logo\/image\/\",\"url\":\"https:\/\/www.primussport.ch\/wp-content\/uploads\/sites\/4\/2020\/01\/Logo_PrimusSport_farbig.png\",\"contentUrl\":\"https:\/\/www.primussport.ch\/wp-content\/uploads\/sites\/4\/2020\/01\/Logo_PrimusSport_farbig.png\",\"width\":260,\"height\":83,\"caption\":\"Primus Sport\"},\"image\":{\"@id\":\"https:\/\/www.primussport.ch\/de\/#\/schema\/logo\/image\/\"}}]}<\/script>\n<!-- \/ Yoast SEO plugin. -->","yoast_head_json":{"title":"Sportshop ~ Primus Sport Lenzerheide","description":"Materialmiete f\u00fcr den Wintersport direkt im Einstieg ins Skigebiet. Ski, Snowboard, Jacke, Hosen, Helm usw.","robots":{"index":"index","follow":"follow","max-snippet":"max-snippet:-1","max-image-preview":"max-image-preview:large","max-video-preview":"max-video-preview:-1"},"canonical":"http:\/\/www.primussport.ch\/de\/sportshop\/","og_locale":"de_DE","og_type":"article","og_title":"Sportshop ~ Primus Sport Lenzerheide","og_description":"Materialmiete f\u00fcr den Wintersport direkt im Einstieg ins Skigebiet. Ski, Snowboard, Jacke, Hosen, Helm usw.","og_url":"http:\/\/www.primussport.ch\/de\/sportshop\/","og_site_name":"Primus Sport Lenzerheide","article_modified_time":"2020-12-18T20:03:44+00:00","og_image":[{"url":"https:\/\/www.primussport.ch\/wp-content\/uploads\/sites\/4\/2019\/12\/Shop_Danis_CGY2944-2000x1125.jpg","type":"","width":"","height":""}],"twitter_card":"summary_large_image","twitter_misc":{"Gesch\u00e4tzte Lesezeit":"1\u00a0Minute"},"schema":{"@context":"https:\/\/schema.org","@graph":[{"@type":"WebPage","@id":"http:\/\/www.primussport.ch\/de\/sportshop\/","url":"http:\/\/www.primussport.ch\/de\/sportshop\/","name":"Sportshop ~ Primus Sport Lenzerheide","isPartOf":{"@id":"https:\/\/www.primussport.ch\/de\/#website"},"primaryImageOfPage":{"@id":"http:\/\/www.primussport.ch\/de\/sportshop\/#primaryimage"},"image":{"@id":"http:\/\/www.primussport.ch\/de\/sportshop\/#primaryimage"},"thumbnailUrl":"https:\/\/www.primussport.ch\/wp-content\/uploads\/sites\/4\/2019\/12\/Shop_Danis_CGY2944-2000x1125.jpg","datePublished":"2019-12-12T15:02:09+00:00","dateModified":"2020-12-18T20:03:44+00:00","description":"Materialmiete f\u00fcr den Wintersport direkt im Einstieg ins Skigebiet. Ski, Snowboard, Jacke, Hosen, Helm usw.","breadcrumb":{"@id":"http:\/\/www.primussport.ch\/de\/sportshop\/#breadcrumb"},"inLanguage":"de","potentialAction":[{"@type":"ReadAction","target":["http:\/\/www.primussport.ch\/de\/sportshop\/"]}]},{"@type":"ImageObject","inLanguage":"de","@id":"http:\/\/www.primussport.ch\/de\/sportshop\/#primaryimage","url":"https:\/\/www.primussport.ch\/wp-content\/uploads\/sites\/4\/2019\/12\/Shop_Danis_CGY2944-2000x1125.jpg","contentUrl":"https:\/\/www.primussport.ch\/wp-content\/uploads\/sites\/4\/2019\/12\/Shop_Danis_CGY2944-2000x1125.jpg"},{"@type":"BreadcrumbList","@id":"http:\/\/www.primussport.ch\/de\/sportshop\/#breadcrumb","itemListElement":[{"@type":"ListItem","position":1,"name":"Home","item":"https:\/\/www.primussport.ch\/de\/"},{"@type":"ListItem","position":2,"name":"Sportshop"}]},{"@type":"WebSite","@id":"https:\/\/www.primussport.ch\/de\/#website","url":"https:\/\/www.primussport.ch\/de\/","name":"Primus Sport Lenzerheide","description":"Sport Shop &amp; Vermietung Ski und Snowboard","publisher":{"@id":"https:\/\/www.primussport.ch\/de\/#organization"},"potentialAction":[{"@type":"SearchAction","target":{"@type":"EntryPoint","urlTemplate":"https:\/\/www.primussport.ch\/de\/?s={search_term_string}"},"query-input":{"@type":"PropertyValueSpecification","valueRequired":true,"valueName":"search_term_string"}}],"inLanguage":"de"},{"@type":"Organization","@id":"https:\/\/www.primussport.ch\/de\/#organization","name":"Primus Sport","url":"https:\/\/www.primussport.ch\/de\/","logo":{"@type":"ImageObject","inLanguage":"de","@id":"https:\/\/www.primussport.ch\/de\/#\/schema\/logo\/image\/","url":"https:\/\/www.primussport.ch\/wp-content\/uploads\/sites\/4\/2020\/01\/Logo_PrimusSport_farbig.png","contentUrl":"https:\/\/www.primussport.ch\/wp-content\/uploads\/sites\/4\/2020\/01\/Logo_PrimusSport_farbig.png","width":260,"height":83,"caption":"Primus Sport"},"image":{"@id":"https:\/\/www.primussport.ch\/de\/#\/schema\/logo\/image\/"}}]}},"_links":{"self":[{"href":"https:\/\/www.primussport.ch\/de\/wp-json\/wp\/v2\/pages\/1758"}],"collection":[{"href":"https:\/\/www.primussport.ch\/de\/wp-json\/wp\/v2\/pages"}],"about":[{"href":"https:\/\/www.primussport.ch\/de\/wp-json\/wp\/v2\/types\/page"}],"author":[{"embeddable":true,"href":"https:\/\/www.primussport.ch\/de\/wp-json\/wp\/v2\/users\/2"}],"replies":[{"embeddable":true,"href":"https:\/\/www.primussport.ch\/de\/wp-json\/wp\/v2\/comments?post=1758"}],"version-history":[{"count":3,"href":"https:\/\/www.primussport.ch\/de\/wp-json\/wp\/v2\/pages\/1758\/revisions"}],"predecessor-version":[{"id":2800,"href":"https:\/\/www.primussport.ch\/de\/wp-json\/wp\/v2\/pages\/1758\/revisions\/2800"}],"wp:attachment":[{"href":"https:\/\/www.primussport.ch\/de\/wp-json\/wp\/v2\/media?parent=1758"}],"curies":[{"name":"wp","href":"https:\/\/api.w.org\/{rel}","templated":true}]}}