{"id":202,"date":"2018-12-19T13:32:33","date_gmt":"2018-12-19T13:32:33","guid":{"rendered":"https:\/\/www.skischule.ch\/?page_id=202"},"modified":"2025-02-26T17:32:17","modified_gmt":"2025-02-26T15:32:17","slug":"agb","status":"publish","type":"page","link":"https:\/\/www.primussport.ch\/de\/agb\/","title":{"rendered":"AGB"},"content":{"rendered":"<h1>Gesch\u00e4ftsbedingungen<\/h1>\n<p>Primus Sport GmbH mit dem Marken Skischule Nova &amp; Snowboardschule Primus.<\/p>\n<p>Voa Pedra Grossa 5<\/p>\n<p>CH-7078 Lenzerheide<\/p>\n<p>info@primussport.ch<\/p>\n<p>+41 81 384 67 07<\/p>\n<h2>Unsere Vereinbarungen und Rahmenbedingungen<\/h2>\n<h3>Buchungen &amp; Bezahlung<\/h3>\n<ul>\n<li>Buchungen sind verbindlich, sowohl online als auch vor Ort.<\/li>\n<li>Der Unterricht wird nur garantiert, wenn die Zahlung vollst\u00e4ndig erfolgt ist.<\/li>\n<li>Die Zahlung kann bar per Twint oder mit g\u00e4ngigen Debit- und Kreditkarten erfolgen.<\/li>\n<li>Nicht bezahlte Buchungen k\u00f6nnen durch andere ersetzt werden.<\/li>\n<li>Reservationen und Anmeldungen werden dem Eingang nach behandelt. Sind keine Pl\u00e4tze in Gruppenkursen oder keine Lehrer f\u00fcr Privatunterricht mehr verf\u00fcgbar und k\u00f6nnen wir keine akzeptable Alternative mehr anbieten, m\u00fcssen wir von dem Angebot zur\u00fccktreten und es ersatzlos streichen.<\/li>\n<\/ul>\n<h3>Unterricht und Wetterbedingungen<\/h3>\n<ul>\n<li>Der Unterricht findet bei jedem Wetter statt.<\/li>\n<li>Das Programm kann jederzeit angepasst oder absagen werden, falls Naturereignisse, beh\u00f6rdliche Anordnungen oder andere unvorhersehbare Umst\u00e4nde dies erforderlich machen.<\/li>\n<li>Falls der Unterricht ausf\u00e4llt, gibt es eine anteilige R\u00fcckerstattung.<\/li>\n<\/ul>\n<h3>Gruppenunterricht<\/h3>\n<ul>\n<li>Eine Gruppe besteht aus mindestens vier Personen.<\/li>\n<li>Bei weniger Teilnehmern k\u00f6nnen Gruppen zusammengelegt oder Kurse abgesagt werden. Weiter besteht auch die M\u00f6glichkeit, dass die Kursteilnehmer sich die Kosten einer vierten Person teilen.<\/li>\n<li>Die Zuteilung der Lehrperson kann nicht garantiert werden. Wechsel bleiben vorbehalten.<span class=\"Apple-converted-space\">\u00a0<\/span><\/li>\n<\/ul>\n<h3>Lift &amp; Tickets<\/h3>\n<ul>\n<li>Liftkarten sind nicht in den Kursgeb\u00fchren enthalten.<\/li>\n<li>Seillift im Kinderland ist kostenlos.<span class=\"Apple-converted-space\">\u00a0<\/span><\/li>\n<li>Unterrichtstickets sind personengebunden und nicht \u00fcbertragbar.<\/li>\n<\/ul>\n<h3>Stornierung und R\u00fcckerstattung<\/h3>\n<ul>\n<li>Eine Stornierung muss mindestens 48 Stunden vor Kursbeginn erfolgen, sonst wird der volle Betrag berechnet.<\/li>\n<li>Eine R\u00fcckerstattung gibt es nur bei rechtzeitiger Stornierung.<\/li>\n<li>Bei Unfall oder Krankheit muss der Kursbetrag \u00fcber die eigene Annullationskostenversicherung eingefordert werden. Wir erstatten keine Kursgeb\u00fchren zur\u00fcck.<\/li>\n<li>R\u00fcckerstattungen finden immer auf das Kundenkonto statt. Auszahlung ist nicht m\u00f6glich.<\/li>\n<li>Wetterbedingte Einschr\u00e4nkungen oder Betriebsst\u00f6rungen der Bahnen berechtigen nicht zu einer R\u00fcckerstattung.<\/li>\n<\/ul>\n<h3>Familienpauschale<\/h3>\n<ul>\n<li>Die Familienpauschale ist unbegrenzt g\u00fcltig.<\/li>\n<li>Sie kann bei Primus Sport, bzw. den Marken Skischule Nova und Snowboardschule Primus genutzt werden.<\/li>\n<li>Eine R\u00fcckerstattung ist nicht m\u00f6glich.<\/li>\n<\/ul>\n<h3>Umtausch, R\u00fcckgabe und Beanstandung<\/h3>\n<ul>\n<li>Der Kunde hat das Recht, die Ware ohne Angabe von Gr\u00fcnden, innerhalb 3 Tagen zur\u00fcckzugeben.<\/li>\n<li>Der Kunde muss die Ware sofort nach Lieferung pr\u00fcfen und M\u00e4ngel oder Abweichungen von der Bestellung innerhalb von 3 Kalendertagen per Mail oder Einschreiben melden.<\/li>\n<li>Die Ware muss unbesch\u00e4digt, funktionsf\u00e4hig, vollst\u00e4ndig und in der Originalverpackung mit Kaufbeleg retourniert werden.<\/li>\n<li>Unvollst\u00e4ndige, besch\u00e4digte oder beschmutzte Artikel werden nicht zur\u00fcckgenommen.<\/li>\n<li>Vom R\u00fcckgaberecht ausgeschlossen sind speziell bestellte, angefertigte oder angepasste Produkte.<\/li>\n<li>Falls die Ware fristgerecht und ordnungsgem\u00e4ss retourniert wurde, erh\u00e4lt der Kunde eine Gutschrift auf das Kundenkonto (Auszahlungen sind nicht m\u00f6glich).<\/li>\n<li>Die Versandkosten f\u00fcr R\u00fccksendungen tr\u00e4gt der Kunde.<\/li>\n<\/ul>\n<h3>Gratis Angebote, Schnupperkurse<\/h3>\n<ul>\n<li>Grunds\u00e4tzlich gew\u00e4hren wir ein Gratis Angebot an eine Person einmalig.<\/li>\n<li>Weitere Buchungen desselben Angebotes werden zum g\u00fcltigen Tarif, welcher der Person entspricht, verrechnet.<\/li>\n<\/ul>\n<h3>Haftung<\/h3>\n<ul>\n<li>Die Firma Primus Sport GmbH haftet nicht f\u00fcr Unf\u00e4lle w\u00e4hrend des Unterrichts oder Wettk\u00e4mpfen.<\/li>\n<li>Eine Unfall- oder Haftpflichtversicherung ist Sache der Teilnehmenden.<\/li>\n<\/ul>\n<h3>Datenschutz<\/h3>\n<ul>\n<li>Die Firma Primus Sport GmbH kann Bildmaterial f\u00fcr Marketing nutzen.<\/li>\n<li>Die Nutzung der Bilder kann jederzeit per E-Mail an info@primussport.ch widerrufen werden.<\/li>\n<li>Kundendaten werden vertraulich behandelt und nicht an Dritte weitergegeben.<span class=\"Apple-converted-space\">\u00a0<\/span><\/li>\n<\/ul>\n<h3>Online Angebot<\/h3>\n<ul>\n<li>Die Firma Primus Sport GmbH \u00fcbernimmt keine Gew\u00e4hr f\u00fcr die Aktualit\u00e4t und Richtigkeit der Website-Inhalte.<\/li>\n<\/ul>\n<h3>Gerichtsstand und Recht<\/h3>\n<ul>\n<li>Es gilt Schweizer Recht.<\/li>\n<li>Gerichtsstand ist Vaz\/Obervaz.<\/li>\n<li>Vertragssprache ist Deutsch.<\/li>\n<li>\u00c4nderungen dieser AGB sind vorbehalten.<\/li>\n<\/ul>\n<p>Oktober 2024<\/p>\n\n\n<p><\/p>\n","protected":false},"excerpt":{"rendered":"<p>Gesch\u00e4ftsbedingungen Primus Sport GmbH mit dem Marken Skischule Nova &amp; Snowboardschule Primus. Voa Pedra Grossa 5 CH-7078 Lenzerheide info@primussport.ch +41 81 384 67 07 Unsere Vereinbarungen und Rahmenbedingungen Buchungen &amp; Bezahlung Buchungen sind verbindlich, sowohl online als auch vor Ort. Der Unterricht wird nur garantiert, wenn die Zahlung vollst\u00e4ndig erfolgt ist. Die Zahlung kann bar [&hellip;]<\/p>\n","protected":false},"author":2,"featured_media":0,"parent":0,"menu_order":0,"comment_status":"closed","ping_status":"closed","template":"fullwidth-without-container.php","meta":{"_acf_changed":false,"footnotes":""},"class_list":["post-202","page","type-page","status-publish","hentry"],"acf":[],"yoast_head":"<!-- This site is optimized with the Yoast SEO plugin v24.1 - https:\/\/yoast.com\/wordpress\/plugins\/seo\/ -->\n<title>AGB ~ Primus Sport Lenzerheide<\/title>\n<meta name=\"description\" content=\"Materialmiete f\u00fcr den Wintersport direkt im Einstieg ins Skigebiet. Ski, Snowboard, Jacke, Hosen, Helm usw.\" \/>\n<meta name=\"robots\" content=\"index, follow, max-snippet:-1, max-image-preview:large, max-video-preview:-1\" \/>\n<link rel=\"canonical\" href=\"http:\/\/www.primussport.ch\/de\/agb\/\" \/>\n<meta property=\"og:locale\" content=\"de_DE\" \/>\n<meta property=\"og:type\" content=\"article\" \/>\n<meta property=\"og:title\" content=\"AGB ~ Primus Sport Lenzerheide\" \/>\n<meta property=\"og:description\" content=\"Materialmiete f\u00fcr den Wintersport direkt im Einstieg ins Skigebiet. Ski, Snowboard, Jacke, Hosen, Helm usw.\" \/>\n<meta property=\"og:url\" content=\"http:\/\/www.primussport.ch\/de\/agb\/\" \/>\n<meta property=\"og:site_name\" content=\"Primus Sport Lenzerheide\" \/>\n<meta property=\"article:modified_time\" content=\"2025-02-26T15:32:17+00:00\" \/>\n<meta name=\"twitter:card\" content=\"summary_large_image\" \/>\n<meta name=\"twitter:label1\" content=\"Gesch\u00e4tzte Lesezeit\" \/>\n\t<meta name=\"twitter:data1\" content=\"3\u00a0Minuten\" \/>\n<script type=\"application\/ld+json\" class=\"yoast-schema-graph\">{\"@context\":\"https:\/\/schema.org\",\"@graph\":[{\"@type\":\"WebPage\",\"@id\":\"http:\/\/www.primussport.ch\/de\/agb\/\",\"url\":\"http:\/\/www.primussport.ch\/de\/agb\/\",\"name\":\"AGB ~ Primus Sport Lenzerheide\",\"isPartOf\":{\"@id\":\"http:\/\/www.primussport.ch\/de\/#website\"},\"datePublished\":\"2018-12-19T13:32:33+00:00\",\"dateModified\":\"2025-02-26T15:32:17+00:00\",\"description\":\"Materialmiete f\u00fcr den Wintersport direkt im Einstieg ins Skigebiet. Ski, Snowboard, Jacke, Hosen, Helm usw.\",\"breadcrumb\":{\"@id\":\"http:\/\/www.primussport.ch\/de\/agb\/#breadcrumb\"},\"inLanguage\":\"de\",\"potentialAction\":[{\"@type\":\"ReadAction\",\"target\":[\"http:\/\/www.primussport.ch\/de\/agb\/\"]}]},{\"@type\":\"BreadcrumbList\",\"@id\":\"http:\/\/www.primussport.ch\/de\/agb\/#breadcrumb\",\"itemListElement\":[{\"@type\":\"ListItem\",\"position\":1,\"name\":\"Home\",\"item\":\"http:\/\/www.primussport.ch\/de\/\"},{\"@type\":\"ListItem\",\"position\":2,\"name\":\"AGB\"}]},{\"@type\":\"WebSite\",\"@id\":\"http:\/\/www.primussport.ch\/de\/#website\",\"url\":\"http:\/\/www.primussport.ch\/de\/\",\"name\":\"Primus Sport Lenzerheide\",\"description\":\"Sport Shop &amp; Vermietung Ski und Snowboard\",\"publisher\":{\"@id\":\"http:\/\/www.primussport.ch\/de\/#organization\"},\"potentialAction\":[{\"@type\":\"SearchAction\",\"target\":{\"@type\":\"EntryPoint\",\"urlTemplate\":\"http:\/\/www.primussport.ch\/de\/?s={search_term_string}\"},\"query-input\":{\"@type\":\"PropertyValueSpecification\",\"valueRequired\":true,\"valueName\":\"search_term_string\"}}],\"inLanguage\":\"de\"},{\"@type\":\"Organization\",\"@id\":\"http:\/\/www.primussport.ch\/de\/#organization\",\"name\":\"Primus Sport\",\"url\":\"http:\/\/www.primussport.ch\/de\/\",\"logo\":{\"@type\":\"ImageObject\",\"inLanguage\":\"de\",\"@id\":\"http:\/\/www.primussport.ch\/de\/#\/schema\/logo\/image\/\",\"url\":\"https:\/\/www.primussport.ch\/wp-content\/uploads\/sites\/4\/2020\/01\/Logo_PrimusSport_farbig.png\",\"contentUrl\":\"https:\/\/www.primussport.ch\/wp-content\/uploads\/sites\/4\/2020\/01\/Logo_PrimusSport_farbig.png\",\"width\":260,\"height\":83,\"caption\":\"Primus Sport\"},\"image\":{\"@id\":\"http:\/\/www.primussport.ch\/de\/#\/schema\/logo\/image\/\"}}]}<\/script>\n<!-- \/ Yoast SEO plugin. -->","yoast_head_json":{"title":"AGB ~ Primus Sport Lenzerheide","description":"Materialmiete f\u00fcr den Wintersport direkt im Einstieg ins Skigebiet. Ski, Snowboard, Jacke, Hosen, Helm usw.","robots":{"index":"index","follow":"follow","max-snippet":"max-snippet:-1","max-image-preview":"max-image-preview:large","max-video-preview":"max-video-preview:-1"},"canonical":"http:\/\/www.primussport.ch\/de\/agb\/","og_locale":"de_DE","og_type":"article","og_title":"AGB ~ Primus Sport Lenzerheide","og_description":"Materialmiete f\u00fcr den Wintersport direkt im Einstieg ins Skigebiet. Ski, Snowboard, Jacke, Hosen, Helm usw.","og_url":"http:\/\/www.primussport.ch\/de\/agb\/","og_site_name":"Primus Sport Lenzerheide","article_modified_time":"2025-02-26T15:32:17+00:00","twitter_card":"summary_large_image","twitter_misc":{"Gesch\u00e4tzte Lesezeit":"3\u00a0Minuten"},"schema":{"@context":"https:\/\/schema.org","@graph":[{"@type":"WebPage","@id":"http:\/\/www.primussport.ch\/de\/agb\/","url":"http:\/\/www.primussport.ch\/de\/agb\/","name":"AGB ~ Primus Sport Lenzerheide","isPartOf":{"@id":"http:\/\/www.primussport.ch\/de\/#website"},"datePublished":"2018-12-19T13:32:33+00:00","dateModified":"2025-02-26T15:32:17+00:00","description":"Materialmiete f\u00fcr den Wintersport direkt im Einstieg ins Skigebiet. Ski, Snowboard, Jacke, Hosen, Helm usw.","breadcrumb":{"@id":"http:\/\/www.primussport.ch\/de\/agb\/#breadcrumb"},"inLanguage":"de","potentialAction":[{"@type":"ReadAction","target":["http:\/\/www.primussport.ch\/de\/agb\/"]}]},{"@type":"BreadcrumbList","@id":"http:\/\/www.primussport.ch\/de\/agb\/#breadcrumb","itemListElement":[{"@type":"ListItem","position":1,"name":"Home","item":"http:\/\/www.primussport.ch\/de\/"},{"@type":"ListItem","position":2,"name":"AGB"}]},{"@type":"WebSite","@id":"http:\/\/www.primussport.ch\/de\/#website","url":"http:\/\/www.primussport.ch\/de\/","name":"Primus Sport Lenzerheide","description":"Sport Shop &amp; Vermietung Ski und Snowboard","publisher":{"@id":"http:\/\/www.primussport.ch\/de\/#organization"},"potentialAction":[{"@type":"SearchAction","target":{"@type":"EntryPoint","urlTemplate":"http:\/\/www.primussport.ch\/de\/?s={search_term_string}"},"query-input":{"@type":"PropertyValueSpecification","valueRequired":true,"valueName":"search_term_string"}}],"inLanguage":"de"},{"@type":"Organization","@id":"http:\/\/www.primussport.ch\/de\/#organization","name":"Primus Sport","url":"http:\/\/www.primussport.ch\/de\/","logo":{"@type":"ImageObject","inLanguage":"de","@id":"http:\/\/www.primussport.ch\/de\/#\/schema\/logo\/image\/","url":"https:\/\/www.primussport.ch\/wp-content\/uploads\/sites\/4\/2020\/01\/Logo_PrimusSport_farbig.png","contentUrl":"https:\/\/www.primussport.ch\/wp-content\/uploads\/sites\/4\/2020\/01\/Logo_PrimusSport_farbig.png","width":260,"height":83,"caption":"Primus Sport"},"image":{"@id":"http:\/\/www.primussport.ch\/de\/#\/schema\/logo\/image\/"}}]}},"_links":{"self":[{"href":"https:\/\/www.primussport.ch\/de\/wp-json\/wp\/v2\/pages\/202"}],"collection":[{"href":"https:\/\/www.primussport.ch\/de\/wp-json\/wp\/v2\/pages"}],"about":[{"href":"https:\/\/www.primussport.ch\/de\/wp-json\/wp\/v2\/types\/page"}],"author":[{"embeddable":true,"href":"https:\/\/www.primussport.ch\/de\/wp-json\/wp\/v2\/users\/2"}],"replies":[{"embeddable":true,"href":"https:\/\/www.primussport.ch\/de\/wp-json\/wp\/v2\/comments?post=202"}],"version-history":[{"count":7,"href":"https:\/\/www.primussport.ch\/de\/wp-json\/wp\/v2\/pages\/202\/revisions"}],"predecessor-version":[{"id":3339,"href":"https:\/\/www.primussport.ch\/de\/wp-json\/wp\/v2\/pages\/202\/revisions\/3339"}],"wp:attachment":[{"href":"https:\/\/www.primussport.ch\/de\/wp-json\/wp\/v2\/media?parent=202"}],"curies":[{"name":"wp","href":"https:\/\/api.w.org\/{rel}","templated":true}]}}