{"id":7,"date":"2018-12-18T12:21:51","date_gmt":"2018-12-18T12:21:51","guid":{"rendered":"http:\/\/skischule.primussport.ch\/?page_id=7"},"modified":"2025-09-25T23:41:58","modified_gmt":"2025-09-25T21:41:58","slug":"home-2","status":"publish","type":"page","link":"https:\/\/www.primussport.ch\/de\/","title":{"rendered":"Home"},"content":{"rendered":"\t\t<div data-elementor-type=\"wp-post\" data-elementor-id=\"7\" class=\"elementor elementor-7\" data-elementor-post-type=\"page\">\n\t\t\t\t\t\t<section class=\"elementor-section elementor-top-section elementor-element elementor-element-0a8780e elementor-section-full_width elementor-section-height-min-height parallax elementor-section-stretched elementor-section-height-default elementor-section-items-middle\" data-id=\"0a8780e\" data-element_type=\"section\" data-settings=\"{&quot;stretch_section&quot;:&quot;section-stretched&quot;}\">\n\t\t\t\t\t\t<div class=\"elementor-container elementor-column-gap-default\">\n\t\t\t\t\t<div class=\"elementor-column elementor-col-100 elementor-top-column elementor-element elementor-element-fbf3e00\" data-id=\"fbf3e00\" data-element_type=\"column\">\n\t\t\t<div class=\"elementor-widget-wrap elementor-element-populated\">\n\t\t\t\t\t\t<div class=\"elementor-element elementor-element-818f8a6 elementor-arrows-position-inside elementor-pagination-position-outside elementor-widget elementor-widget-image-carousel\" data-id=\"818f8a6\" data-element_type=\"widget\" data-settings=\"{&quot;slides_to_show&quot;:&quot;1&quot;,&quot;effect&quot;:&quot;fade&quot;,&quot;speed&quot;:&quot;800&quot;,&quot;navigation&quot;:&quot;both&quot;,&quot;autoplay&quot;:&quot;yes&quot;,&quot;pause_on_hover&quot;:&quot;yes&quot;,&quot;pause_on_interaction&quot;:&quot;yes&quot;,&quot;autoplay_speed&quot;:5000,&quot;infinite&quot;:&quot;yes&quot;}\" data-widget_type=\"image-carousel.default\">\n\t\t\t\t<div class=\"elementor-widget-container\">\n\t\t\t\t\t\t\t<div class=\"elementor-image-carousel-wrapper swiper\" role=\"region\" aria-roledescription=\"carousel\" aria-label=\"Bild Karussell\" dir=\"ltr\">\n\t\t\t<div class=\"elementor-image-carousel swiper-wrapper swiper-image-stretch\" aria-live=\"off\">\n\t\t\t\t\t\t\t\t<div class=\"swiper-slide\" role=\"group\" aria-roledescription=\"slide\" aria-label=\"1 von 4\"><figure class=\"swiper-slide-inner\"><img decoding=\"async\" class=\"swiper-slide-image\" src=\"https:\/\/www.primussport.ch\/wp-content\/uploads\/sites\/4\/2025\/09\/10.jpg\" alt=\"10\" \/><\/figure><\/div><div class=\"swiper-slide\" role=\"group\" aria-roledescription=\"slide\" aria-label=\"2 von 4\"><figure class=\"swiper-slide-inner\"><img decoding=\"async\" class=\"swiper-slide-image\" src=\"https:\/\/www.primussport.ch\/wp-content\/uploads\/sites\/4\/2025\/09\/9.jpg\" alt=\"9\" \/><\/figure><\/div><div class=\"swiper-slide\" role=\"group\" aria-roledescription=\"slide\" aria-label=\"3 von 4\"><figure class=\"swiper-slide-inner\"><img decoding=\"async\" class=\"swiper-slide-image\" src=\"https:\/\/www.primussport.ch\/wp-content\/uploads\/sites\/4\/2025\/09\/7-Aktuell-Nova-mit-logo-960-_960-2.jpg\" alt=\"7 Aktuell -Nova mit logo 960 _960 (2)\" \/><\/figure><\/div><div class=\"swiper-slide\" role=\"group\" aria-roledescription=\"slide\" aria-label=\"4 von 4\"><figure class=\"swiper-slide-inner\"><img decoding=\"async\" class=\"swiper-slide-image\" src=\"https:\/\/www.primussport.ch\/wp-content\/uploads\/sites\/4\/2025\/09\/7-Aktuell-Nova-mit-logo-960-_960.jpg\" alt=\"7 Aktuell -Nova mit logo 960 _960\" \/><\/figure><\/div>\t\t\t<\/div>\n\t\t\t\t\t\t\t\t\t\t\t\t<div class=\"elementor-swiper-button elementor-swiper-button-prev\" role=\"button\" tabindex=\"0\">\n\t\t\t\t\t\t<i aria-hidden=\"true\" class=\"eicon-chevron-left\"><\/i>\t\t\t\t\t<\/div>\n\t\t\t\t\t<div class=\"elementor-swiper-button elementor-swiper-button-next\" role=\"button\" tabindex=\"0\">\n\t\t\t\t\t\t<i aria-hidden=\"true\" class=\"eicon-chevron-right\"><\/i>\t\t\t\t\t<\/div>\n\t\t\t\t\n\t\t\t\t\t\t\t\t\t<div class=\"swiper-pagination\"><\/div>\n\t\t\t\t\t\t\t\t\t<\/div>\n\t\t\t\t\t\t<\/div>\n\t\t\t\t<\/div>\n\t\t\t\t\t<\/div>\n\t\t<\/div>\n\t\t\t\t\t<\/div>\n\t\t<\/section>\n\t\t\t\t<section class=\"elementor-section elementor-top-section elementor-element elementor-element-15d89f2 elementor-section-boxed elementor-section-height-default elementor-section-height-default\" data-id=\"15d89f2\" data-element_type=\"section\">\n\t\t\t\t\t\t<div class=\"elementor-container elementor-column-gap-default\">\n\t\t\t\t\t<div class=\"elementor-column elementor-col-33 elementor-top-column elementor-element elementor-element-955aa9d elementor-hidden-phone\" data-id=\"955aa9d\" data-element_type=\"column\">\n\t\t\t<div class=\"elementor-widget-wrap\">\n\t\t\t\t\t\t\t<\/div>\n\t\t<\/div>\n\t\t\t\t<div class=\"elementor-column elementor-col-33 elementor-top-column elementor-element elementor-element-f2154ae\" data-id=\"f2154ae\" data-element_type=\"column\" data-settings=\"{&quot;background_background&quot;:&quot;classic&quot;}\">\n\t\t\t<div class=\"elementor-widget-wrap elementor-element-populated\">\n\t\t\t\t\t\t<div class=\"elementor-element elementor-element-65e26f0 elementor-widget elementor-widget-heading\" data-id=\"65e26f0\" data-element_type=\"widget\" data-widget_type=\"heading.default\">\n\t\t\t\t<div class=\"elementor-widget-container\">\n\t\t\t\t\t<h2 class=\"elementor-heading-title elementor-size-default\">Miete Ski, Snowboard und weiteres Top-Equipment<\/h2>\t\t\t\t<\/div>\n\t\t\t\t<\/div>\n\t\t\t\t<div class=\"elementor-element elementor-element-05718d8 elementor-widget elementor-widget-shortcode\" data-id=\"05718d8\" data-element_type=\"widget\" data-widget_type=\"shortcode.default\">\n\t\t\t\t<div class=\"elementor-widget-container\">\n\t\t\t\t\t\t\t<div class=\"elementor-shortcode\">\t\n\t\t<h4 class=\"text-white\">1) W\u00e4hle dein Startdatum<\/h4>\n\t\t<div class=\"form-group has-feedback\">\n\t\t\t<input type=\"text\" class=\"form-control form-control-lg mb-3\" name=\"date\" id=\"qb_date\"  value=\"11.04.2026\">\n\t\t\t<span class=\"glyphicon glyphicon-calendar form-control-feedback\"><\/span>\n\t\t\t\n\t\t\t<div class=\"btn-group btn-group-justified\" role=\"group\">\n\t\t\t\t<div class=\"btn-group\" role=\"group\">\n\t\t\t\t\t<button class=\"btn btn-next btn-lg btn-block btn-rent-start\" style=\"margin-right:6px;\" data-action=\"https:\/\/www.primussport.ch\/de\/shop\/rental\/ski\/\">Ski<\/button>\n\t\t\t\t<\/div>\n\t\t\t\t<div class=\"btn-group\" role=\"group\">\n\t\t\t\t\t<button class=\"btn btn-next btn-lg btn-block btn-rent-start\" style=\"margin-left:6px;\" data-action=\"https:\/\/www.primussport.ch\/de\/shop\/rental\/snowboard\/\">Snowboard<\/button>\n\t\t\t\t<\/div>\n\t\t\t<\/div>\n\t\t\t\n\t\t<\/div>\n\t\n\t\n\t<\/div>\n\t\t\t\t\t\t<\/div>\n\t\t\t\t<\/div>\n\t\t\t\t\t<\/div>\n\t\t<\/div>\n\t\t\t\t<div class=\"elementor-column elementor-col-33 elementor-top-column elementor-element elementor-element-c767d49 elementor-hidden-tablet elementor-hidden-phone\" data-id=\"c767d49\" data-element_type=\"column\">\n\t\t\t<div class=\"elementor-widget-wrap\">\n\t\t\t\t\t\t\t<\/div>\n\t\t<\/div>\n\t\t\t\t\t<\/div>\n\t\t<\/section>\n\t\t\t\t<section class=\"elementor-section elementor-top-section elementor-element elementor-element-09c0ddd elementor-section-stretched elementor-section-boxed elementor-section-height-default elementor-section-height-default\" data-id=\"09c0ddd\" data-element_type=\"section\" data-settings=\"{&quot;stretch_section&quot;:&quot;section-stretched&quot;}\">\n\t\t\t\t\t\t<div class=\"elementor-container elementor-column-gap-no\">\n\t\t\t\t\t<div class=\"elementor-column elementor-col-100 elementor-top-column elementor-element elementor-element-2685fa2\" data-id=\"2685fa2\" data-element_type=\"column\">\n\t\t\t<div class=\"elementor-widget-wrap elementor-element-populated\">\n\t\t\t\t\t\t<div class=\"elementor-element elementor-element-0475137 elementor-widget elementor-widget-shortcode\" data-id=\"0475137\" data-element_type=\"widget\" data-widget_type=\"shortcode.default\">\n\t\t\t\t<div class=\"elementor-widget-container\">\n\t\t\t\t\t\t\t<div class=\"elementor-shortcode\"><\/div>\n\t\t\t\t\t\t<\/div>\n\t\t\t\t<\/div>\n\t\t\t\t\t<\/div>\n\t\t<\/div>\n\t\t\t\t\t<\/div>\n\t\t<\/section>\n\t\t\t\t<section class=\"elementor-section elementor-top-section elementor-element elementor-element-5882c29 elementor-section-full_width elementor-section-stretched elementor-section-height-default elementor-section-height-default\" data-id=\"5882c29\" data-element_type=\"section\" data-settings=\"{&quot;stretch_section&quot;:&quot;section-stretched&quot;}\">\n\t\t\t\t\t\t<div class=\"elementor-container elementor-column-gap-wider\">\n\t\t\t\t\t<div class=\"elementor-column elementor-col-50 elementor-top-column elementor-element elementor-element-0ffc0c7\" data-id=\"0ffc0c7\" data-element_type=\"column\">\n\t\t\t<div class=\"elementor-widget-wrap elementor-element-populated\">\n\t\t\t\t\t\t<div class=\"elementor-element elementor-element-911029b elementor-widget elementor-widget-heading\" data-id=\"911029b\" data-element_type=\"widget\" data-widget_type=\"heading.default\">\n\t\t\t\t<div class=\"elementor-widget-container\">\n\t\t\t\t\t<h2 class=\"elementor-heading-title elementor-size-default\">Das gr\u00f6sste Verleih-Center an der Talstation<\/h2>\t\t\t\t<\/div>\n\t\t\t\t<\/div>\n\t\t\t\t<div class=\"elementor-element elementor-element-0733704 elementor-widget elementor-widget-text-editor\" data-id=\"0733704\" data-element_type=\"widget\" data-widget_type=\"text-editor.default\">\n\t\t\t\t<div class=\"elementor-widget-container\">\n\t\t\t\t\t\t\t\t\t<p>Direkt bei der Talstation, beim Parkplatz Fadail findest du die gr\u00f6sste Snowboard-, Ski- und Telemark Vermietung. Hol dir dein Snowboard aus unserem Burton-, Nitro- oder Amplid Testcenter oder einen Top-Ski der Marke Rossignol, Kessler, Elan oder Movement direkt aus unserer Service-Station. Wir gew\u00e4hren 10% Rabatt wenn du auch bei uns Unterricht gebucht hast und garantieren die Verf\u00fcgbarkeit des Materials.<\/p><p>\u00a0<\/p><h2 style=\"color: #222222;font-family: 'Open Sans', -apple-system, BlinkMacSystemFont, 'Segoe UI', Roboto, 'Helvetica Neue', Arial, sans-serif, 'Apple Color Emoji', 'Segoe UI Emoji', 'Segoe UI Symbol'\" data-elementor-setting-key=\"title\" data-pen-placeholder=\"Eingabe hier...\">Service Center<\/h2><div>Wir bieten dir w\u00e4hrend des gesamten Winters einen Sofortservice direkt an der Piste beim Fadail an. Als Wintersport Profis wissen wir um die Wichtigkeit eines gut pr\u00e4parierten Sportger\u00e4tes. Wir bieten maschinelles oder manuelles wachsen mit Allrounder oder Fluor Wachs an. Kanten schleifen mit der gew\u00fcnschten Neigung und Belag schleifen bis hin zu Reparaturen mit Belag stanzen. Mit viel Leidenschaft erledigen wir jede Arbeit innert k\u00fcrzester Zeit. Im Dezember bieten wir zudem jeweils die 2 f\u00fcr 1 Aktion an!\u00a0<\/div><p>\u00a0<\/p>\t\t\t\t\t\t\t\t<\/div>\n\t\t\t\t<\/div>\n\t\t\t\t\t<\/div>\n\t\t<\/div>\n\t\t\t\t<div class=\"elementor-column elementor-col-50 elementor-top-column elementor-element elementor-element-a7b6e73\" data-id=\"a7b6e73\" data-element_type=\"column\">\n\t\t\t<div class=\"elementor-widget-wrap elementor-element-populated\">\n\t\t\t\t\t\t<div class=\"elementor-element elementor-element-ae3f38f elementor-widget elementor-widget-heading\" data-id=\"ae3f38f\" data-element_type=\"widget\" data-widget_type=\"heading.default\">\n\t\t\t\t<div class=\"elementor-widget-container\">\n\t\t\t\t\t<h2 class=\"elementor-heading-title elementor-size-default\">Testen - mieten - kaufen<\/h2>\t\t\t\t<\/div>\n\t\t\t\t<\/div>\n\t\t\t\t<div class=\"elementor-element elementor-element-888d82c elementor-widget elementor-widget-text-editor\" data-id=\"888d82c\" data-element_type=\"widget\" data-widget_type=\"text-editor.default\">\n\t\t\t\t<div class=\"elementor-widget-container\">\n\t\t\t\t\t\t\t\t\t<p>Wir beraten nach dem Grundsatz, erst testen, dann entscheiden. Das gilt auch f\u00fcr unser Mietmaterial. Darum bieten wir dir f\u00fcr 50 Franken die M\u00f6glichkeit, drei Ger\u00e4te unverbindlich zu testen. Unsere grosse Auswahl umfasst Topmarken wie Rossignol, Elan, Movement, V\u00f6lkl, Kessler sowie Kinder-Rennskis in den Kategorien von 4- bis 6-Sternen. Bei gefallen verkaufen wir das Mietmaterial zu attraktiven Konditionen mit einem 2-j\u00e4hrigen Service Abo.&nbsp;<\/p>\n<p><br><\/p>\n<h2 data-elementor-setting-key=\"title\" data-pen-placeholder=\"Eingabe hier...\">Shop<\/h2>\n<div>In unserem Shop bieten wir eine grosse Auswahl an Software und Hardware Artikeln. Wir beraten dich gerne wenn du einen R\u00fcckenpanzer, Sonnenbrille, Skibrille geht oder zeigen dir komfortable Handschuhe f\u00fcr warme Finger.&nbsp;<br>Da wir jeden Tag selber auf der Piste arbeiten, wissen wir wie wichtig gutes Material ist. Wir verkaufen nur was wir zuvor getestet haben. Egal ob Ski, Snowboards, Boots oder Bindungen. Wir haben eine gute Auswahl der Firmen Burton, Nitro, Amplid, Dainese, Anon und Julbo an Lager und bieten die M\u00f6glichkeit das Material zu testen. Einzigartig ist unser 2-Jahres Service Abo, dass wir dir beim Kauf von Material schenken.&nbsp;<\/div>\t\t\t\t\t\t\t\t<\/div>\n\t\t\t\t<\/div>\n\t\t\t\t\t<\/div>\n\t\t<\/div>\n\t\t\t\t\t<\/div>\n\t\t<\/section>\n\t\t\t\t<\/div>\n\t\t","protected":false},"excerpt":{"rendered":"<p>Miete Ski, Snowboard und weiteres Top-Equipment Das gr\u00f6sste Verleih-Center an der Talstation Direkt bei der Talstation, beim Parkplatz Fadail findest du die gr\u00f6sste Snowboard-, Ski- und Telemark Vermietung. Hol dir dein Snowboard aus unserem Burton-, Nitro- oder Amplid Testcenter oder einen Top-Ski der Marke Rossignol, Kessler, Elan oder Movement direkt aus unserer Service-Station. Wir gew\u00e4hren [&hellip;]<\/p>\n","protected":false},"author":2,"featured_media":0,"parent":0,"menu_order":0,"comment_status":"closed","ping_status":"closed","template":"fullwidth-empty-container.php","meta":{"_acf_changed":false,"footnotes":""},"class_list":["post-7","page","type-page","status-publish","hentry"],"acf":[],"yoast_head":"<!-- This site is optimized with the Yoast SEO plugin v24.1 - https:\/\/yoast.com\/wordpress\/plugins\/seo\/ -->\n<title>Home ~ Primus Sport Lenzerheide<\/title>\n<meta name=\"description\" content=\"Materialmiete f\u00fcr den Wintersport direkt im Einstieg ins Skigebiet. Ski, Snowboard, Splitboard, Jacken, Hosen, Helm usw.\" \/>\n<meta name=\"robots\" content=\"index, follow, max-snippet:-1, max-image-preview:large, max-video-preview:-1\" \/>\n<link rel=\"canonical\" href=\"https:\/\/www.primussport.ch\/de\/\" \/>\n<meta property=\"og:locale\" content=\"de_DE\" \/>\n<meta property=\"og:type\" content=\"article\" \/>\n<meta property=\"og:title\" content=\"Home ~ Primus Sport Lenzerheide\" \/>\n<meta property=\"og:description\" content=\"Materialmiete f\u00fcr den Wintersport direkt im Einstieg ins Skigebiet. Ski, Snowboard, Splitboard, Jacken, Hosen, Helm usw.\" \/>\n<meta property=\"og:url\" content=\"https:\/\/www.primussport.ch\/de\/\" \/>\n<meta property=\"og:site_name\" content=\"Primus Sport Lenzerheide\" \/>\n<meta property=\"article:modified_time\" content=\"2025-09-25T21:41:58+00:00\" \/>\n<meta property=\"og:image\" content=\"https:\/\/www.primussport.ch\/wp-content\/uploads\/sites\/4\/2025\/09\/10.jpg\" \/>\n<meta name=\"twitter:card\" content=\"summary_large_image\" \/>\n<meta name=\"twitter:label1\" content=\"Gesch\u00e4tzte Lesezeit\" \/>\n\t<meta name=\"twitter:data1\" content=\"3\u00a0Minuten\" \/>\n<script type=\"application\/ld+json\" class=\"yoast-schema-graph\">{\"@context\":\"https:\/\/schema.org\",\"@graph\":[{\"@type\":\"WebPage\",\"@id\":\"https:\/\/www.primussport.ch\/de\/\",\"url\":\"https:\/\/www.primussport.ch\/de\/\",\"name\":\"Home ~ Primus Sport Lenzerheide\",\"isPartOf\":{\"@id\":\"http:\/\/www.primussport.ch\/de\/#website\"},\"primaryImageOfPage\":{\"@id\":\"https:\/\/www.primussport.ch\/de\/#primaryimage\"},\"image\":{\"@id\":\"https:\/\/www.primussport.ch\/de\/#primaryimage\"},\"thumbnailUrl\":\"https:\/\/www.primussport.ch\/wp-content\/uploads\/sites\/4\/2025\/09\/10.jpg\",\"datePublished\":\"2018-12-18T12:21:51+00:00\",\"dateModified\":\"2025-09-25T21:41:58+00:00\",\"description\":\"Materialmiete f\u00fcr den Wintersport direkt im Einstieg ins Skigebiet. Ski, Snowboard, Splitboard, Jacken, Hosen, Helm usw.\",\"breadcrumb\":{\"@id\":\"https:\/\/www.primussport.ch\/de\/#breadcrumb\"},\"inLanguage\":\"de\",\"potentialAction\":[{\"@type\":\"ReadAction\",\"target\":[\"https:\/\/www.primussport.ch\/de\/\"]}]},{\"@type\":\"ImageObject\",\"inLanguage\":\"de\",\"@id\":\"https:\/\/www.primussport.ch\/de\/#primaryimage\",\"url\":\"https:\/\/www.primussport.ch\/wp-content\/uploads\/sites\/4\/2025\/09\/10.jpg\",\"contentUrl\":\"https:\/\/www.primussport.ch\/wp-content\/uploads\/sites\/4\/2025\/09\/10.jpg\"},{\"@type\":\"BreadcrumbList\",\"@id\":\"https:\/\/www.primussport.ch\/de\/#breadcrumb\",\"itemListElement\":[{\"@type\":\"ListItem\",\"position\":1,\"name\":\"Home\",\"item\":\"https:\/\/www.primussport.ch\/de\/\"},{\"@type\":\"ListItem\",\"position\":2,\"name\":\"Home\"}]},{\"@type\":\"WebSite\",\"@id\":\"http:\/\/www.primussport.ch\/de\/#website\",\"url\":\"http:\/\/www.primussport.ch\/de\/\",\"name\":\"Primus Sport Lenzerheide\",\"description\":\"Sport Shop &amp; Vermietung Ski und Snowboard\",\"publisher\":{\"@id\":\"http:\/\/www.primussport.ch\/de\/#organization\"},\"potentialAction\":[{\"@type\":\"SearchAction\",\"target\":{\"@type\":\"EntryPoint\",\"urlTemplate\":\"http:\/\/www.primussport.ch\/de\/?s={search_term_string}\"},\"query-input\":{\"@type\":\"PropertyValueSpecification\",\"valueRequired\":true,\"valueName\":\"search_term_string\"}}],\"inLanguage\":\"de\"},{\"@type\":\"Organization\",\"@id\":\"http:\/\/www.primussport.ch\/de\/#organization\",\"name\":\"Primus Sport\",\"url\":\"http:\/\/www.primussport.ch\/de\/\",\"logo\":{\"@type\":\"ImageObject\",\"inLanguage\":\"de\",\"@id\":\"http:\/\/www.primussport.ch\/de\/#\/schema\/logo\/image\/\",\"url\":\"https:\/\/www.primussport.ch\/wp-content\/uploads\/sites\/4\/2020\/01\/Logo_PrimusSport_farbig.png\",\"contentUrl\":\"https:\/\/www.primussport.ch\/wp-content\/uploads\/sites\/4\/2020\/01\/Logo_PrimusSport_farbig.png\",\"width\":260,\"height\":83,\"caption\":\"Primus Sport\"},\"image\":{\"@id\":\"http:\/\/www.primussport.ch\/de\/#\/schema\/logo\/image\/\"}}]}<\/script>\n<!-- \/ Yoast SEO plugin. -->","yoast_head_json":{"title":"Home ~ Primus Sport Lenzerheide","description":"Materialmiete f\u00fcr den Wintersport direkt im Einstieg ins Skigebiet. Ski, Snowboard, Splitboard, Jacken, Hosen, Helm usw.","robots":{"index":"index","follow":"follow","max-snippet":"max-snippet:-1","max-image-preview":"max-image-preview:large","max-video-preview":"max-video-preview:-1"},"canonical":"https:\/\/www.primussport.ch\/de\/","og_locale":"de_DE","og_type":"article","og_title":"Home ~ Primus Sport Lenzerheide","og_description":"Materialmiete f\u00fcr den Wintersport direkt im Einstieg ins Skigebiet. Ski, Snowboard, Splitboard, Jacken, Hosen, Helm usw.","og_url":"https:\/\/www.primussport.ch\/de\/","og_site_name":"Primus Sport Lenzerheide","article_modified_time":"2025-09-25T21:41:58+00:00","og_image":[{"url":"https:\/\/www.primussport.ch\/wp-content\/uploads\/sites\/4\/2025\/09\/10.jpg","type":"","width":"","height":""}],"twitter_card":"summary_large_image","twitter_misc":{"Gesch\u00e4tzte Lesezeit":"3\u00a0Minuten"},"schema":{"@context":"https:\/\/schema.org","@graph":[{"@type":"WebPage","@id":"https:\/\/www.primussport.ch\/de\/","url":"https:\/\/www.primussport.ch\/de\/","name":"Home ~ Primus Sport Lenzerheide","isPartOf":{"@id":"http:\/\/www.primussport.ch\/de\/#website"},"primaryImageOfPage":{"@id":"https:\/\/www.primussport.ch\/de\/#primaryimage"},"image":{"@id":"https:\/\/www.primussport.ch\/de\/#primaryimage"},"thumbnailUrl":"https:\/\/www.primussport.ch\/wp-content\/uploads\/sites\/4\/2025\/09\/10.jpg","datePublished":"2018-12-18T12:21:51+00:00","dateModified":"2025-09-25T21:41:58+00:00","description":"Materialmiete f\u00fcr den Wintersport direkt im Einstieg ins Skigebiet. Ski, Snowboard, Splitboard, Jacken, Hosen, Helm usw.","breadcrumb":{"@id":"https:\/\/www.primussport.ch\/de\/#breadcrumb"},"inLanguage":"de","potentialAction":[{"@type":"ReadAction","target":["https:\/\/www.primussport.ch\/de\/"]}]},{"@type":"ImageObject","inLanguage":"de","@id":"https:\/\/www.primussport.ch\/de\/#primaryimage","url":"https:\/\/www.primussport.ch\/wp-content\/uploads\/sites\/4\/2025\/09\/10.jpg","contentUrl":"https:\/\/www.primussport.ch\/wp-content\/uploads\/sites\/4\/2025\/09\/10.jpg"},{"@type":"BreadcrumbList","@id":"https:\/\/www.primussport.ch\/de\/#breadcrumb","itemListElement":[{"@type":"ListItem","position":1,"name":"Home","item":"https:\/\/www.primussport.ch\/de\/"},{"@type":"ListItem","position":2,"name":"Home"}]},{"@type":"WebSite","@id":"http:\/\/www.primussport.ch\/de\/#website","url":"http:\/\/www.primussport.ch\/de\/","name":"Primus Sport Lenzerheide","description":"Sport Shop &amp; Vermietung Ski und Snowboard","publisher":{"@id":"http:\/\/www.primussport.ch\/de\/#organization"},"potentialAction":[{"@type":"SearchAction","target":{"@type":"EntryPoint","urlTemplate":"http:\/\/www.primussport.ch\/de\/?s={search_term_string}"},"query-input":{"@type":"PropertyValueSpecification","valueRequired":true,"valueName":"search_term_string"}}],"inLanguage":"de"},{"@type":"Organization","@id":"http:\/\/www.primussport.ch\/de\/#organization","name":"Primus Sport","url":"http:\/\/www.primussport.ch\/de\/","logo":{"@type":"ImageObject","inLanguage":"de","@id":"http:\/\/www.primussport.ch\/de\/#\/schema\/logo\/image\/","url":"https:\/\/www.primussport.ch\/wp-content\/uploads\/sites\/4\/2020\/01\/Logo_PrimusSport_farbig.png","contentUrl":"https:\/\/www.primussport.ch\/wp-content\/uploads\/sites\/4\/2020\/01\/Logo_PrimusSport_farbig.png","width":260,"height":83,"caption":"Primus Sport"},"image":{"@id":"http:\/\/www.primussport.ch\/de\/#\/schema\/logo\/image\/"}}]}},"_links":{"self":[{"href":"https:\/\/www.primussport.ch\/de\/wp-json\/wp\/v2\/pages\/7"}],"collection":[{"href":"https:\/\/www.primussport.ch\/de\/wp-json\/wp\/v2\/pages"}],"about":[{"href":"https:\/\/www.primussport.ch\/de\/wp-json\/wp\/v2\/types\/page"}],"author":[{"embeddable":true,"href":"https:\/\/www.primussport.ch\/de\/wp-json\/wp\/v2\/users\/2"}],"replies":[{"embeddable":true,"href":"https:\/\/www.primussport.ch\/de\/wp-json\/wp\/v2\/comments?post=7"}],"version-history":[{"count":104,"href":"https:\/\/www.primussport.ch\/de\/wp-json\/wp\/v2\/pages\/7\/revisions"}],"predecessor-version":[{"id":3372,"href":"https:\/\/www.primussport.ch\/de\/wp-json\/wp\/v2\/pages\/7\/revisions\/3372"}],"wp:attachment":[{"href":"https:\/\/www.primussport.ch\/de\/wp-json\/wp\/v2\/media?parent=7"}],"curies":[{"name":"wp","href":"https:\/\/api.w.org\/{rel}","templated":true}]}}